{"id":1479,"date":"2019-10-16T16:11:29","date_gmt":"2019-10-16T16:11:29","guid":{"rendered":"https:\/\/www.compupartner.dk\/about\/"},"modified":"2026-02-11T10:55:42","modified_gmt":"2026-02-11T09:55:42","slug":"om-os","status":"publish","type":"page","link":"https:\/\/www.compupartner.dk\/de\/om-os\/","title":{"rendered":"\u00dcber uns"},"content":{"rendered":"<div class=\"wpb-content-wrapper\"><div class=\"vc_row wpb_row vc_row-fluid vc_custom_1575390546273 vc_row-o-content-middle vc_row-flex\"><div class=\"wpb_column vc_column_container vc_col-sm-12\"><div class=\"vc_column-inner\"><div class=\"wpb_wrapper\"><div class=\"vc_row wpb_row vc_inner vc_row-fluid vc_row-o-equal-height vc_row-o-content-middle vc_row-flex\"><div class=\"wpb_column vc_column_container vc_col-sm-6 vc_col-has-fill\"><div class=\"vc_column-inner vc_custom_1762436204961\"><div class=\"wpb_wrapper\"><\/div><\/div><\/div><div class=\"wpb_column vc_column_container vc_col-sm-6\"><div class=\"vc_column-inner vc_custom_1575390506246\"><div class=\"wpb_wrapper\"><div id=\"ultimate-heading-356669e341d022f61\" class=\"uvc-heading ult-adjust-bottom-margin ultimate-heading-356669e341d022f61 uvc-1803\" data-hspacer=\"no_spacer\"  data-halign=\"left\" style=\"text-align:left\"><div class=\"uvc-heading-spacer no_spacer\" style=\"top\"><\/div><div class=\"uvc-main-heading ult-responsive\"  data-ultimate-target='.uvc-heading.ultimate-heading-356669e341d022f61 h3'  data-responsive-json-new='{\"font-size\":\"desktop:48px;\",\"line-height\":\"\"}' ><h3 style=\"--font-weight:theme;color:#148ba9;margin-bottom:20px;\">Compu-Partner<\/h3><\/div><div class=\"uvc-sub-heading ult-responsive\"  data-ultimate-target='.uvc-heading.ultimate-heading-356669e341d022f61 .uvc-sub-heading '  data-responsive-json-new='{\"font-size\":\"desktop:22px;\",\"line-height\":\"desktop:44px;\"}'  style=\"font-weight:bold;color:#222222;margin-bottom:30px;\">Experte f\u00fcr Selbstbedienungsl\u00f6sungen<\/div><\/div>\n\t<div class=\"wpb_text_column wpb_content_element\" >\n\t\t<div class=\"wpb_wrapper\">\n\t\t\t<p>Compu Partner besteht seit 2010 und ist einer der f\u00fchrenden Anbieter von Zahlungs- und Selbstbedienungsl\u00f6sungen f\u00fcr die Golfbranche. Wir sind auch spezialisiert auf Info-Bildschirme und Selbstbedienungs-Kioske f\u00fcr Parkunternehmen und Campingpl\u00e4tze.<\/p>\n<p>Wir haben Kunden in mehreren europ\u00e4ischen L\u00e4ndern, darunter Schweden, Norwegen, Island, Deutschland, das Vereinigte K\u00f6nigreich und die Schweiz. Wir expandieren derzeit und sind an neuen Partnerschaften in diesen und anderen M\u00e4rkten interessiert.<\/p>\n<p>Im Jahr 2025 brachten wir unser erstes firmeneigenes Produkt 100% auf den Markt, ein einzigartiges Zahlungssystem f\u00fcr Driving Ranges in Golfclubs, sowie \u201cIntelligent Ball Level\u201d, eine L\u00f6sung, bei der ein Z\u00e4hler in der Ballmaschine und ein servergesteuerter Algorithmus zur kontinuierlichen Berechnung der Anzahl der B\u00e4lle in den Maschinen verwendet werden.<\/p>\n\n\t\t<\/div>\n\t<\/div>\n<\/div><\/div><\/div><\/div><\/div><\/div><\/div><\/div><div data-vc-full-width=\"true\" data-vc-full-width-temp=\"true\" data-vc-full-width-init=\"false\" class=\"vc_row wpb_row vc_row-fluid vc_custom_1575390852897 vc_row-has-fill\"><div class=\"wpb_column vc_column_container vc_col-sm-6\"><div class=\"vc_column-inner vc_custom_1575390830311\"><div class=\"wpb_wrapper\"><div id=\"ultimate-heading-997369e341d0235ab\" class=\"uvc-heading ult-adjust-bottom-margin ultimate-heading-997369e341d0235ab uvc-6717  uvc-heading-default-font-sizes\" data-hspacer=\"no_spacer\"  data-halign=\"left\" style=\"text-align:left\"><div class=\"uvc-heading-spacer no_spacer\" style=\"top\"><\/div><div class=\"uvc-main-heading ult-responsive\"  data-ultimate-target='.uvc-heading.ultimate-heading-997369e341d0235ab h2'  data-responsive-json-new='{\"font-size\":\"\",\"line-height\":\"\"}' ><h2 style=\"--font-weight:theme;color:#ffffff;\">Unser Expertenteam ist immer zu einem Gespr\u00e4ch bereit<\/h2><\/div><\/div><\/div><\/div><\/div><div class=\"wpb_column vc_column_container vc_col-sm-6\"><div class=\"vc_column-inner vc_custom_1575390841399\"><div class=\"wpb_wrapper\">\n\t<div class=\"wpb_text_column wpb_content_element\" >\n\t\t<div class=\"wpb_wrapper\">\n\t\t\t<p><span style=\"color: #b9dce5;\">Wir sind davon \u00fcberzeugt, dass der pers\u00f6nliche Service, den Sie von uns erhalten, entscheidend f\u00fcr das Gesamterlebnis des Kunden ist. Deshalb bem\u00fchen wir uns, f\u00fcr Sie erreichbar und ansprechbar zu sein, um Ihnen stabile Abl\u00e4ufe und gute Ergebnisse zu garantieren.<\/span><\/p>\n\n\t\t<\/div>\n\t<\/div>\n<\/div><\/div><\/div><\/div><div class=\"vc_row-full-width vc_clearfix\"><\/div><div class=\"vc_row wpb_row vc_row-fluid vc_custom_1575393770416\"><div class=\"wpb_column vc_column_container vc_col-sm-12 vc_col-lg-offset-2 vc_col-lg-8 vc_col-md-offset-2 vc_col-md-8 vc_col-sm-offset-0 vc_col-xs-12\"><div class=\"vc_column-inner vc_custom_1575393861398\"><div class=\"wpb_wrapper\"><div class=\"vc_row wpb_row vc_inner vc_row-fluid\"><div class=\"wpb_column vc_column_container vc_col-sm-6 vc_col-lg-offset-0 vc_col-md-offset-0 vc_col-sm-offset-0 vc_col-xs-6 vc_col-has-fill\"><div class=\"vc_column-inner vc_custom_1762264614731\"><div class=\"wpb_wrapper\"><\/div><\/div><\/div><\/div><div id=\"ultimate-heading-973569e341d023c30\" class=\"uvc-heading ult-adjust-bottom-margin ultimate-heading-973569e341d023c30 uvc-6175\" data-hspacer=\"no_spacer\"  data-halign=\"center\" style=\"text-align:center\"><div class=\"uvc-heading-spacer no_spacer\" style=\"top\"><\/div><div class=\"uvc-main-heading ult-responsive\"  data-ultimate-target='.uvc-heading.ultimate-heading-973569e341d023c30 h2'  data-responsive-json-new='{\"font-size\":\"desktop:50px;\",\"line-height\":\"desktop:60px;\"}' ><h2 style=\"--font-weight:theme;margin-bottom:10px;\">Mitarbeiter<\/h2><\/div><div class=\"uvc-sub-heading ult-responsive\"  data-ultimate-target='.uvc-heading.ultimate-heading-973569e341d023c30 .uvc-sub-heading '  data-responsive-json-new='{\"font-size\":\"\",\"line-height\":\"\"}'  style=\"font-weight:normal;\">Die klugen K\u00f6pfe<\/div><\/div><\/div><\/div><\/div><div class=\"wpb_column vc_column_container vc_col-sm-3\"><div class=\"vc_column-inner vc_custom_1770803721608\"><div class=\"wpb_wrapper\">\n\t<div class=\"wpb_text_column wpb_content_element\" >\n\t\t<div class=\"wpb_wrapper\">\n\t\t\t<p><img loading=\"lazy\" decoding=\"async\" class=\"img-radius wp-image-4868 size-medium aligncenter\" src=\"https:\/\/www.compupartner.dk\/wp-content\/uploads\/2026\/02\/4db033fd-8594-4385-be43-0e78b62c2411-300x300.png\" alt=\"\" width=\"300\" height=\"300\" srcset=\"https:\/\/www.compupartner.dk\/wp-content\/uploads\/2026\/02\/4db033fd-8594-4385-be43-0e78b62c2411-300x300.png 300w, https:\/\/www.compupartner.dk\/wp-content\/uploads\/2026\/02\/4db033fd-8594-4385-be43-0e78b62c2411-150x150.png 150w, https:\/\/www.compupartner.dk\/wp-content\/uploads\/2026\/02\/4db033fd-8594-4385-be43-0e78b62c2411-768x768.png 768w, https:\/\/www.compupartner.dk\/wp-content\/uploads\/2026\/02\/4db033fd-8594-4385-be43-0e78b62c2411.png 1024w\" sizes=\"auto, (max-width: 300px) 100vw, 300px\" \/><\/p>\n<h4 style=\"text-align: center;\">Bo Schwartz Gydesen<\/h4>\n<p style=\"text-align: center;\">Gesch\u00e4ftsf\u00fchrender Direktor<\/p>\n\n\t\t<\/div>\n\t<\/div>\n<\/div><\/div><\/div><div class=\"wpb_column vc_column_container vc_col-sm-3\"><div class=\"vc_column-inner vc_custom_1770803729196\"><div class=\"wpb_wrapper\">\n\t<div class=\"wpb_text_column wpb_content_element\" >\n\t\t<div class=\"wpb_wrapper\">\n\t\t\t<p><img loading=\"lazy\" decoding=\"async\" class=\"img-radius wp-image-4484 size-medium aligncenter\" src=\"https:\/\/www.compupartner.dk\/wp-content\/uploads\/2025\/12\/026ddc54-9eb7-4028-a1c2-91fa83dcb09b-300x300.png\" alt=\"\" width=\"300\" height=\"300\" srcset=\"https:\/\/www.compupartner.dk\/wp-content\/uploads\/2025\/12\/026ddc54-9eb7-4028-a1c2-91fa83dcb09b-300x300.png 300w, https:\/\/www.compupartner.dk\/wp-content\/uploads\/2025\/12\/026ddc54-9eb7-4028-a1c2-91fa83dcb09b-150x150.png 150w, https:\/\/www.compupartner.dk\/wp-content\/uploads\/2025\/12\/026ddc54-9eb7-4028-a1c2-91fa83dcb09b-768x768.png 768w, https:\/\/www.compupartner.dk\/wp-content\/uploads\/2025\/12\/026ddc54-9eb7-4028-a1c2-91fa83dcb09b.png 1024w\" sizes=\"auto, (max-width: 300px) 100vw, 300px\" \/><\/p>\n<h4 style=\"text-align: center;\">Claus Trier Kjerkegaard<\/h4>\n<p style=\"text-align: center;\">Kaufm\u00e4nnischer Direktor<\/p>\n\n\t\t<\/div>\n\t<\/div>\n<\/div><\/div><\/div><div class=\"wpb_column vc_column_container vc_col-sm-3\"><div class=\"vc_column-inner vc_custom_1770803734497\"><div class=\"wpb_wrapper\">\n\t<div class=\"wpb_text_column wpb_content_element\" >\n\t\t<div class=\"wpb_wrapper\">\n\t\t\t<p><img loading=\"lazy\" decoding=\"async\" class=\"img-radius wp-image-4865 size-medium aligncenter\" src=\"https:\/\/www.compupartner.dk\/wp-content\/uploads\/2026\/02\/fb184125-0bbf-47e7-923f-8fd91a24cf0d-300x300.png\" alt=\"\" width=\"300\" height=\"300\" srcset=\"https:\/\/www.compupartner.dk\/wp-content\/uploads\/2026\/02\/fb184125-0bbf-47e7-923f-8fd91a24cf0d-300x300.png 300w, https:\/\/www.compupartner.dk\/wp-content\/uploads\/2026\/02\/fb184125-0bbf-47e7-923f-8fd91a24cf0d-150x150.png 150w, https:\/\/www.compupartner.dk\/wp-content\/uploads\/2026\/02\/fb184125-0bbf-47e7-923f-8fd91a24cf0d-768x768.png 768w, https:\/\/www.compupartner.dk\/wp-content\/uploads\/2026\/02\/fb184125-0bbf-47e7-923f-8fd91a24cf0d.png 1024w\" sizes=\"auto, (max-width: 300px) 100vw, 300px\" \/><\/p>\n<h4 style=\"text-align: center;\">S\u00f8ren Gr\u00f8nbech<\/h4>\n<p style=\"text-align: center;\">IT-Techniker<\/p>\n\n\t\t<\/div>\n\t<\/div>\n<\/div><\/div><\/div><div class=\"wpb_column vc_column_container vc_col-sm-3\"><div class=\"vc_column-inner vc_custom_1770803739882\"><div class=\"wpb_wrapper\">\n\t<div class=\"wpb_text_column wpb_content_element\" >\n\t\t<div class=\"wpb_wrapper\">\n\t\t\t<p><img loading=\"lazy\" decoding=\"async\" class=\"img-radius wp-image-4866 size-medium aligncenter\" src=\"https:\/\/www.compupartner.dk\/wp-content\/uploads\/2026\/02\/04817181-1d0e-4ef2-a003-3187a5a418f8-300x300.png\" alt=\"\" width=\"300\" height=\"300\" srcset=\"https:\/\/www.compupartner.dk\/wp-content\/uploads\/2026\/02\/04817181-1d0e-4ef2-a003-3187a5a418f8-300x300.png 300w, https:\/\/www.compupartner.dk\/wp-content\/uploads\/2026\/02\/04817181-1d0e-4ef2-a003-3187a5a418f8-150x150.png 150w, https:\/\/www.compupartner.dk\/wp-content\/uploads\/2026\/02\/04817181-1d0e-4ef2-a003-3187a5a418f8-768x768.png 768w, https:\/\/www.compupartner.dk\/wp-content\/uploads\/2026\/02\/04817181-1d0e-4ef2-a003-3187a5a418f8.png 1024w\" sizes=\"auto, (max-width: 300px) 100vw, 300px\" \/><\/p>\n<h4 style=\"text-align: center;\">Mona Nedergaard H\u00e5land<\/h4>\n<p style=\"text-align: center;\">Buchhalter<\/p>\n\n\t\t<\/div>\n\t<\/div>\n<\/div><\/div><\/div><\/div>\n<\/div>","protected":false},"excerpt":{"rendered":"<p>Compu PartnerEkspert i selvbetjenings l\u00f8sninger Compu Partner har eksisteret siden 2010, og er blandt de f\u00f8rende leverand\u00f8rer af betalings- og selvbetjeningsl\u00f8sninger til Golfbranchen. Dertil er vi specialiseret i infosk\u00e6rme og selvbetjeningsautomater til P-selskaber og Campingpladser. Vi har kunder i flere europ\u00e6iske lande, bl.a. Sverige, Norge, Island, Tyskland, Storbritannien, Schweitz m.fl. Vi udvider i disse \u00e5r&hellip;<\/p>","protected":false},"author":1,"featured_media":0,"parent":0,"menu_order":10,"comment_status":"closed","ping_status":"closed","template":"","meta":{"footnotes":""},"class_list":["post-1479","page","type-page","status-publish","hentry","description-off"],"yoast_head":"<!-- This site is optimized with the Yoast SEO plugin v27.4 - https:\/\/yoast.com\/product\/yoast-seo-wordpress\/ -->\n<title>Om os - Compu Partner<\/title>\n<meta name=\"robots\" content=\"index, follow, max-snippet:-1, max-image-preview:large, max-video-preview:-1\" \/>\n<link rel=\"canonical\" href=\"https:\/\/www.compupartner.dk\/de\/om-os\/\" \/>\n<meta property=\"og:locale\" content=\"de_DE\" \/>\n<meta property=\"og:type\" content=\"article\" \/>\n<meta property=\"og:title\" content=\"Om os - Compu Partner\" \/>\n<meta property=\"og:url\" content=\"https:\/\/www.compupartner.dk\/de\/om-os\/\" \/>\n<meta property=\"og:site_name\" content=\"Compu Partner\" \/>\n<meta property=\"article:publisher\" content=\"https:\/\/www.facebook.com\/profile.php?id=100094090601309\" \/>\n<meta property=\"article:modified_time\" content=\"2026-02-11T09:55:42+00:00\" \/>\n<meta property=\"og:image\" content=\"https:\/\/www.compupartner.dk\/wp-content\/uploads\/2026\/02\/4db033fd-8594-4385-be43-0e78b62c2411.png\" \/>\n\t<meta property=\"og:image:width\" content=\"1024\" \/>\n\t<meta property=\"og:image:height\" content=\"1024\" \/>\n\t<meta property=\"og:image:type\" content=\"image\/png\" \/>\n<meta name=\"twitter:card\" content=\"summary_large_image\" \/>\n<meta name=\"twitter:label1\" content=\"Gesch\u00e4tzte Lesezeit\" \/>\n\t<meta name=\"twitter:data1\" content=\"3\u00a0Minuten\" \/>\n<script type=\"application\/ld+json\" class=\"yoast-schema-graph\">{\"@context\":\"https:\\\/\\\/schema.org\",\"@graph\":[{\"@type\":\"WebPage\",\"@id\":\"https:\\\/\\\/www.compupartner.dk\\\/om-os\\\/\",\"url\":\"https:\\\/\\\/www.compupartner.dk\\\/om-os\\\/\",\"name\":\"Om os - Compu Partner\",\"isPartOf\":{\"@id\":\"https:\\\/\\\/www.compupartner.dk\\\/#website\"},\"primaryImageOfPage\":{\"@id\":\"https:\\\/\\\/www.compupartner.dk\\\/om-os\\\/#primaryimage\"},\"image\":{\"@id\":\"https:\\\/\\\/www.compupartner.dk\\\/om-os\\\/#primaryimage\"},\"thumbnailUrl\":\"https:\\\/\\\/www.compupartner.dk\\\/wp-content\\\/uploads\\\/2026\\\/02\\\/4db033fd-8594-4385-be43-0e78b62c2411-300x300.png\",\"datePublished\":\"2019-10-16T16:11:29+00:00\",\"dateModified\":\"2026-02-11T09:55:42+00:00\",\"breadcrumb\":{\"@id\":\"https:\\\/\\\/www.compupartner.dk\\\/om-os\\\/#breadcrumb\"},\"inLanguage\":\"de\",\"potentialAction\":[{\"@type\":\"ReadAction\",\"target\":[\"https:\\\/\\\/www.compupartner.dk\\\/om-os\\\/\"]}]},{\"@type\":\"ImageObject\",\"inLanguage\":\"de\",\"@id\":\"https:\\\/\\\/www.compupartner.dk\\\/om-os\\\/#primaryimage\",\"url\":\"https:\\\/\\\/www.compupartner.dk\\\/wp-content\\\/uploads\\\/2026\\\/02\\\/4db033fd-8594-4385-be43-0e78b62c2411-300x300.png\",\"contentUrl\":\"https:\\\/\\\/www.compupartner.dk\\\/wp-content\\\/uploads\\\/2026\\\/02\\\/4db033fd-8594-4385-be43-0e78b62c2411-300x300.png\"},{\"@type\":\"BreadcrumbList\",\"@id\":\"https:\\\/\\\/www.compupartner.dk\\\/om-os\\\/#breadcrumb\",\"itemListElement\":[{\"@type\":\"ListItem\",\"position\":1,\"name\":\"Hjem\",\"item\":\"https:\\\/\\\/www.compupartner.dk\\\/\"},{\"@type\":\"ListItem\",\"position\":2,\"name\":\"Om os\"}]},{\"@type\":\"WebSite\",\"@id\":\"https:\\\/\\\/www.compupartner.dk\\\/#website\",\"url\":\"https:\\\/\\\/www.compupartner.dk\\\/\",\"name\":\"Compu Partner\",\"description\":\"Payment Solutions for humans\",\"publisher\":{\"@id\":\"https:\\\/\\\/www.compupartner.dk\\\/#organization\"},\"potentialAction\":[{\"@type\":\"SearchAction\",\"target\":{\"@type\":\"EntryPoint\",\"urlTemplate\":\"https:\\\/\\\/www.compupartner.dk\\\/?s={search_term_string}\"},\"query-input\":{\"@type\":\"PropertyValueSpecification\",\"valueRequired\":true,\"valueName\":\"search_term_string\"}}],\"inLanguage\":\"de\"},{\"@type\":\"Organization\",\"@id\":\"https:\\\/\\\/www.compupartner.dk\\\/#organization\",\"name\":\"Compu Partner ApS\",\"url\":\"https:\\\/\\\/www.compupartner.dk\\\/\",\"logo\":{\"@type\":\"ImageObject\",\"inLanguage\":\"de\",\"@id\":\"https:\\\/\\\/www.compupartner.dk\\\/#\\\/schema\\\/logo\\\/image\\\/\",\"url\":\"https:\\\/\\\/www.compupartner.dk\\\/wp-content\\\/uploads\\\/2026\\\/03\\\/CP_b_on_white_large.jpg\",\"contentUrl\":\"https:\\\/\\\/www.compupartner.dk\\\/wp-content\\\/uploads\\\/2026\\\/03\\\/CP_b_on_white_large.jpg\",\"width\":2422,\"height\":349,\"caption\":\"Compu Partner ApS\"},\"image\":{\"@id\":\"https:\\\/\\\/www.compupartner.dk\\\/#\\\/schema\\\/logo\\\/image\\\/\"},\"sameAs\":[\"https:\\\/\\\/www.facebook.com\\\/profile.php?id=100094090601309\",\"https:\\\/\\\/www.linkedin.com\\\/company\\\/compu-partner\"]}]}<\/script>\n<!-- \/ Yoast SEO plugin. -->","yoast_head_json":{"title":"Om os - Compu Partner","robots":{"index":"index","follow":"follow","max-snippet":"max-snippet:-1","max-image-preview":"max-image-preview:large","max-video-preview":"max-video-preview:-1"},"canonical":"https:\/\/www.compupartner.dk\/de\/om-os\/","og_locale":"de_DE","og_type":"article","og_title":"Om os - Compu Partner","og_url":"https:\/\/www.compupartner.dk\/de\/om-os\/","og_site_name":"Compu Partner","article_publisher":"https:\/\/www.facebook.com\/profile.php?id=100094090601309","article_modified_time":"2026-02-11T09:55:42+00:00","og_image":[{"width":1024,"height":1024,"url":"https:\/\/www.compupartner.dk\/wp-content\/uploads\/2026\/02\/4db033fd-8594-4385-be43-0e78b62c2411.png","type":"image\/png"}],"twitter_card":"summary_large_image","twitter_misc":{"Gesch\u00e4tzte Lesezeit":"3\u00a0Minuten"},"schema":{"@context":"https:\/\/schema.org","@graph":[{"@type":"WebPage","@id":"https:\/\/www.compupartner.dk\/om-os\/","url":"https:\/\/www.compupartner.dk\/om-os\/","name":"Om os - Compu Partner","isPartOf":{"@id":"https:\/\/www.compupartner.dk\/#website"},"primaryImageOfPage":{"@id":"https:\/\/www.compupartner.dk\/om-os\/#primaryimage"},"image":{"@id":"https:\/\/www.compupartner.dk\/om-os\/#primaryimage"},"thumbnailUrl":"https:\/\/www.compupartner.dk\/wp-content\/uploads\/2026\/02\/4db033fd-8594-4385-be43-0e78b62c2411-300x300.png","datePublished":"2019-10-16T16:11:29+00:00","dateModified":"2026-02-11T09:55:42+00:00","breadcrumb":{"@id":"https:\/\/www.compupartner.dk\/om-os\/#breadcrumb"},"inLanguage":"de","potentialAction":[{"@type":"ReadAction","target":["https:\/\/www.compupartner.dk\/om-os\/"]}]},{"@type":"ImageObject","inLanguage":"de","@id":"https:\/\/www.compupartner.dk\/om-os\/#primaryimage","url":"https:\/\/www.compupartner.dk\/wp-content\/uploads\/2026\/02\/4db033fd-8594-4385-be43-0e78b62c2411-300x300.png","contentUrl":"https:\/\/www.compupartner.dk\/wp-content\/uploads\/2026\/02\/4db033fd-8594-4385-be43-0e78b62c2411-300x300.png"},{"@type":"BreadcrumbList","@id":"https:\/\/www.compupartner.dk\/om-os\/#breadcrumb","itemListElement":[{"@type":"ListItem","position":1,"name":"Hjem","item":"https:\/\/www.compupartner.dk\/"},{"@type":"ListItem","position":2,"name":"Om os"}]},{"@type":"WebSite","@id":"https:\/\/www.compupartner.dk\/#website","url":"https:\/\/www.compupartner.dk\/","name":"Compu-Partner","description":"Zahlungsl\u00f6sungen f\u00fcr Menschen","publisher":{"@id":"https:\/\/www.compupartner.dk\/#organization"},"potentialAction":[{"@type":"SearchAction","target":{"@type":"EntryPoint","urlTemplate":"https:\/\/www.compupartner.dk\/?s={search_term_string}"},"query-input":{"@type":"PropertyValueSpecification","valueRequired":true,"valueName":"search_term_string"}}],"inLanguage":"de"},{"@type":"Organization","@id":"https:\/\/www.compupartner.dk\/#organization","name":"Compu Partner ApS","url":"https:\/\/www.compupartner.dk\/","logo":{"@type":"ImageObject","inLanguage":"de","@id":"https:\/\/www.compupartner.dk\/#\/schema\/logo\/image\/","url":"https:\/\/www.compupartner.dk\/wp-content\/uploads\/2026\/03\/CP_b_on_white_large.jpg","contentUrl":"https:\/\/www.compupartner.dk\/wp-content\/uploads\/2026\/03\/CP_b_on_white_large.jpg","width":2422,"height":349,"caption":"Compu Partner ApS"},"image":{"@id":"https:\/\/www.compupartner.dk\/#\/schema\/logo\/image\/"},"sameAs":["https:\/\/www.facebook.com\/profile.php?id=100094090601309","https:\/\/www.linkedin.com\/company\/compu-partner"]}]}},"_links":{"self":[{"href":"https:\/\/www.compupartner.dk\/de\/wp-json\/wp\/v2\/pages\/1479","targetHints":{"allow":["GET"]}}],"collection":[{"href":"https:\/\/www.compupartner.dk\/de\/wp-json\/wp\/v2\/pages"}],"about":[{"href":"https:\/\/www.compupartner.dk\/de\/wp-json\/wp\/v2\/types\/page"}],"author":[{"embeddable":true,"href":"https:\/\/www.compupartner.dk\/de\/wp-json\/wp\/v2\/users\/1"}],"replies":[{"embeddable":true,"href":"https:\/\/www.compupartner.dk\/de\/wp-json\/wp\/v2\/comments?post=1479"}],"version-history":[{"count":28,"href":"https:\/\/www.compupartner.dk\/de\/wp-json\/wp\/v2\/pages\/1479\/revisions"}],"predecessor-version":[{"id":4924,"href":"https:\/\/www.compupartner.dk\/de\/wp-json\/wp\/v2\/pages\/1479\/revisions\/4924"}],"wp:attachment":[{"href":"https:\/\/www.compupartner.dk\/de\/wp-json\/wp\/v2\/media?parent=1479"}],"curies":[{"name":"wp","href":"https:\/\/api.w.org\/{rel}","templated":true}]}}