{"id":4197,"date":"2025-12-20T09:40:03","date_gmt":"2025-12-20T08:40:03","guid":{"rendered":"https:\/\/www.compupartner.dk\/?page_id=4197"},"modified":"2025-12-25T22:49:37","modified_gmt":"2025-12-25T21:49:37","slug":"sammenlign","status":"publish","type":"page","link":"https:\/\/www.compupartner.dk\/de\/compu-golf\/sammenlign\/","title":{"rendered":"Vergleichen"},"content":{"rendered":"<div class=\"wpb-content-wrapper\"><div class=\"vc_row wpb_row vc_row-fluid\"><div class=\"wpb_column vc_column_container vc_col-sm-4\"><div class=\"vc_column-inner\"><div class=\"wpb_wrapper\">\n\t<div  class=\"wpb_single_image wpb_content_element vc_align_left  wpb_animate_when_almost_visible wpb_fadeInUp fadeInUp vc_custom_1766576542944\">\n\t\t\n\t\t<figure class=\"wpb_wrapper vc_figure\">\n\t\t\t<div class=\"vc_single_image-wrapper vc_box_rounded  vc_box_border_grey\"><img decoding=\"async\" class=\"vc_single_image-img\" src=\"https:\/\/www.compupartner.dk\/wp-content\/uploads\/2025\/12\/selective-focus-of-female-golf-player-with-golf-cl-2024-11-18-17-27-00-utc-1-1-scaled-400x550.jpg\" width=\"400\" height=\"550\" alt=\"selective-focus-of-female-golf-player-with-golf-cl-2024-11-18-17-27-00-utc (1)\" title=\"selective-focus-of-female-golf-player-with-golf-cl-2024-11-18-17-27-00-utc (1)\" loading=\"lazy\"  data-dt-location=\"https:\/\/www.compupartner.dk\/de\/compu-golf\/sammenlign\/selective-focus-of-female-golf-player-with-golf-cl-2024-11-18-17-27-00-utc-1\/\" \/><\/div>\n\t\t<\/figure>\n\t<\/div>\n<\/div><\/div><\/div><div class=\"wpb_column vc_column_container vc_col-sm-8\"><div class=\"vc_column-inner vc_custom_1762329594574\"><div class=\"wpb_wrapper\"><div id=\"ultimate-heading-826469e7368723a9a\" class=\"uvc-heading ult-adjust-bottom-margin ultimate-heading-826469e7368723a9a uvc-8818\" data-hspacer=\"no_spacer\"  data-halign=\"left\" style=\"text-align:left\"><div class=\"uvc-heading-spacer no_spacer\" style=\"top\"><\/div><div class=\"uvc-main-heading ult-responsive\"  data-ultimate-target='.uvc-heading.ultimate-heading-826469e7368723a9a h2'  data-responsive-json-new='{\"font-size\":\"desktop:48px;\",\"line-height\":\"\"}' ><h2 style=\"--font-weight:theme;color:#148ba9;margin-bottom:20px;\">Vergleichen<\/h2><\/div><div class=\"uvc-sub-heading ult-responsive\"  data-ultimate-target='.uvc-heading.ultimate-heading-826469e7368723a9a .uvc-sub-heading '  data-responsive-json-new='{\"font-size\":\"desktop:26px;\",\"line-height\":\"desktop:44px;\"}'  style=\"font-weight:bold;color:#222222;margin-bottom:30px;\">...Compu Golf und die Konkurrenz<\/div><\/div>\n\t<div class=\"wpb_text_column wpb_content_element  wpb_animate_when_almost_visible wpb_fadeInUp fadeInUp\" >\n\t\t<div class=\"wpb_wrapper\">\n\t\t\t<p>Worin besteht der Unterschied zwischen den verschiedenen L\u00f6sungen auf dem Markt?<\/p>\n<p>In erster Linie ist es das Team, das dahinter steht, und der Service, den wir bieten. Aber nat\u00fcrlich ist es auch wichtig, dass die von Ihnen gew\u00e4hlte technische L\u00f6sung die beste ist. Hier streben wir danach, Marktf\u00fchrer zu sein und st\u00e4ndig neue innovative L\u00f6sungen f\u00fcr neue und bestehende Kunden zu liefern, und das \u00fcber viele Jahre hinweg.<\/p>\n<p>Deshalb haben wir unser Bestes getan, um Ihnen einen \u00dcberblick \u00fcber die uns bekannten Informationen \u00fcber den Markt zu geben, damit Sie die wichtigsten Merkmale der verschiedenen L\u00f6sungen leicht verstehen k\u00f6nnen.<\/p>\n<p>Z\u00f6gern Sie nicht, uns f\u00fcr weitere Informationen zu kontaktieren, z.B. \u00fcber unser Kontaktformular oder telefonisch unter +45 45 54 66 36.<\/p>\n\n\t\t<\/div>\n\t<\/div>\n<style type=\"text\/css\" data-type=\"the7_shortcodes-inline-css\">#default-btn-04962ab1ca9a69c96623ca79fdc4261b.ico-right-side > i {\n  margin-right: 0px;\n  margin-left: 8px;\n}\n#default-btn-04962ab1ca9a69c96623ca79fdc4261b > i {\n  margin-right: 8px;\n}<\/style><a href=\"http:\/\/94.130.143.234\/~compupartner\/kontakt\/\" class=\"default-btn-shortcode dt-btn dt-btn-l fadeInUp animate-element animation-builder link-hover-off btn-inline-left  vc_custom_1766664404244\" id=\"default-btn-04962ab1ca9a69c96623ca79fdc4261b\" title=\"Kontakt\"><span>Demo buchen<\/span><\/a><\/div><\/div><\/div><\/div><div data-vc-full-width=\"true\" data-vc-full-width-temp=\"true\" data-vc-full-width-init=\"false\" class=\"vc_row wpb_row vc_row-fluid vc_custom_1766248348595 vc_row-has-fill vc_row-o-equal-height vc_row-flex\"><div class=\"wpb_column vc_column_container vc_col-sm-12 vc_col-lg-12 vc_col-md-12\"><div class=\"vc_column-inner vc_custom_1575895990870\"><div class=\"wpb_wrapper\">\n\t<div class=\"wpb_raw_code wpb_raw_html wpb_content_element\" >\n\t\t<div class=\"wpb_wrapper\">\n\t\t\t<!-- Elfsight Pricing Table | Sammenligning - Funktioner -->\r\n<script src=\"https:\/\/elfsightcdn.com\/platform.js\" async><\/script>\r\n<div class=\"elfsight-app-9043a8d9-7dbf-4d32-8a73-c06028262ac5\" data-elfsight-app-lazy><\/div>\n\t\t<\/div>\n\t<\/div>\n<div class=\"vc_empty_space\"   style=\"height: 32px\"><span class=\"vc_empty_space_inner\"><\/span><\/div>\n\t<div class=\"wpb_raw_code wpb_raw_html wpb_content_element\" >\n\t\t<div class=\"wpb_wrapper\">\n\t\t\t<!-- Elfsight Pricing Table | Sammenligning - Time to dispense -->\n<script src=\"https:\/\/elfsightcdn.com\/platform.js\" async><\/script>\n<div class=\"elfsight-app-463dd9ae-8edc-47d9-83d0-0c6071ce02c1\" data-elfsight-app-lazy><\/div>\n\t\t<\/div>\n\t<\/div>\n<div class=\"vc_empty_space\"   style=\"height: 32px\"><span class=\"vc_empty_space_inner\"><\/span><\/div>\n\t<div class=\"wpb_raw_code wpb_raw_html wpb_content_element\" >\n\t\t<div class=\"wpb_wrapper\">\n\t\t\t<!-- Elfsight Pricing Table | Sammenligning - Priser -->\r\n<script src=\"https:\/\/elfsightcdn.com\/platform.js\" async><\/script>\r\n<div class=\"elfsight-app-c52fb8fe-cfa9-47af-a4c3-4769c40de00d\" data-elfsight-app-lazy><\/div>\n\t\t<\/div>\n\t<\/div>\n<div class=\"vc_empty_space\"   style=\"height: 32px\"><span class=\"vc_empty_space_inner\"><\/span><\/div>\n\t<div class=\"wpb_text_column wpb_content_element\" >\n\t\t<div class=\"wpb_wrapper\">\n\t\t\t<p>Golfmore und Sweetspot ver\u00f6ffentlichen ihre Preise nicht. Nach unseren Informationen ist Range Servant Pay derzeit nur in Schweden verf\u00fcgbar. Wir behalten uns das Recht auf Fehler, \u00c4nderungen oder Sondervereinbarungen vor, die uns nicht bekannt sind. Sollten Sie Fehler oder Ungenauigkeiten in dieser Tabelle bemerken, kontaktieren Sie uns bitte. Rabatt bei Upgrade von Mitbewerbern erfordert 2-Jahres-Vertrag.<\/p>\n\n\t\t<\/div>\n\t<\/div>\n<div class=\"vc_empty_space\"   style=\"height: 32px\"><span class=\"vc_empty_space_inner\"><\/span><\/div><\/div><\/div><\/div><\/div><div class=\"vc_row-full-width vc_clearfix\"><\/div><div class=\"vc_row wpb_row vc_row-fluid vc_custom_1575390546273 vc_row-o-content-middle vc_row-flex\"><div class=\"wpb_column vc_column_container vc_col-sm-12\"><div class=\"vc_column-inner\"><div class=\"wpb_wrapper\"><div class=\"vc_row wpb_row vc_inner vc_row-fluid phone-reverse-col vc_row-o-equal-height vc_row-o-content-middle vc_row-flex\"><div class=\"wpb_column vc_column_container vc_col-sm-6\"><div class=\"vc_column-inner vc_custom_1575390506246\"><div class=\"wpb_wrapper\"><div id=\"ultimate-heading-763169e7368724e93\" class=\"uvc-heading ult-adjust-bottom-margin ultimate-heading-763169e7368724e93 uvc-4459\" data-hspacer=\"no_spacer\"  data-halign=\"left\" style=\"text-align:left\"><div class=\"uvc-heading-spacer no_spacer\" style=\"top\"><\/div><div class=\"uvc-main-heading ult-responsive\"  data-ultimate-target='.uvc-heading.ultimate-heading-763169e7368724e93 h2'  data-responsive-json-new='{\"font-size\":\"desktop:40px;\",\"line-height\":\"\"}' ><h2 style=\"--font-weight:theme;color:#148ba9;margin-bottom:20px;\">Wir expandieren in ganz Europa<\/h2><\/div><div class=\"uvc-sub-heading ult-responsive\"  data-ultimate-target='.uvc-heading.ultimate-heading-763169e7368724e93 .uvc-sub-heading '  data-responsive-json-new='{\"font-size\":\"desktop:24px;\",\"line-height\":\"desktop:44px;\"}'  style=\"font-weight:bold;color:#222222;margin-bottom:30px;\">Wir sind auf der Suche nach Kunden, Wiederverk\u00e4ufern und technischen Partnern<\/div><\/div>\n\t<div class=\"wpb_text_column wpb_content_element  wpb_animate_when_almost_visible wpb_fadeInUp fadeInUp\" >\n\t\t<div class=\"wpb_wrapper\">\n\t\t\t<p>Wir haben unseren Hauptsitz in D\u00e4nemark und haben bereits Kunden f\u00fcr andere Produkte in mehreren europ\u00e4ischen L\u00e4ndern, darunter Deutschland, die Schweiz, \u00d6sterreich, Schweden, Norwegen und das Vereinigte K\u00f6nigreich.<\/p>\n<p><strong>Compu Golf Driving Range<\/strong> Das Produkt ist neu und wir suchen Kunden und Wiederverk\u00e4ufer in allen europ\u00e4ischen L\u00e4ndern f\u00fcr Anfang 2026.<\/p>\n<p>Die ersten Kunden von Compu Golf Driving Range in jedem Land genie\u00dfen einzigartige Vorteile als Pioniere unseres neuen Produkts - kontaktieren Sie uns f\u00fcr weitere Informationen.<\/p>\n\n\t\t<\/div>\n\t<\/div>\n<\/div><\/div><\/div><div class=\"wpb_column vc_column_container vc_col-sm-6 vc_col-has-fill\"><div class=\"vc_column-inner vc_custom_1762437242322\"><div class=\"wpb_wrapper\"><\/div><\/div><\/div><\/div><\/div><\/div><\/div><\/div><div data-vc-full-width=\"true\" data-vc-full-width-temp=\"true\" data-vc-full-width-init=\"false\" class=\"vc_row wpb_row vc_row-fluid vc_custom_1766656164571 vc_row-has-fill\"><div class=\"wpb_column vc_column_container vc_col-sm-3\"><div class=\"vc_column-inner\"><div class=\"wpb_wrapper\"><div class=\"stats-block stats-left\"><div class=\"aio-icon-left\"><div class=\"ult-just-icon-wrapper\"><div class=\"align-icon\" style=\"text-align:center;\">\n<div class=\"aio-icon none\"  style=\"color:#FFFFFF;font-size:72px;display:inline-block;\">\n\t<i class=\"icomoon-the7-font-the7-clock-01\"><\/i>\n<\/div><\/div><\/div><\/div><div class=\"stats-desc\" id=\"counter-responsv-wrap-4928\"><div id=\"counter_142324420069e73687253fe\" data-id=\"counter_142324420069e73687253fe\"  data-ultimate-target='#counter-responsv-wrap-4928 .stats-number'  data-responsive-json-new='{\"font-size\":\"desktop:48px;\",\"line-height\":\"\"}'  class=\"stats-number ult-responsive\" style=\" color:#FFFFFF; font-family:&#039;Fira Sans&#039;;font-weight:600;color:#FFFFFF;\" data-speed=\"3\" data-counter-value=\"3.227\" data-separator=\",\" data-decimal=\".\">0<\/div><div id=\"title-counter_142324420069e73687253fe\"  data-ultimate-target='#counter-responsv-wrap-4928 .stats-text'  data-responsive-json-new='{\"font-size\":\"desktop:20px;\",\"line-height\":\"\"}'  class=\"stats-text ult-responsive\" style=\"font-size:px; color:#FFFFFF; font-family:&#039;Fira Sans&#039;;\">Entwicklungszeiten<\/div><\/div><\/div><\/div><\/div><\/div><div class=\"wpb_column vc_column_container vc_col-sm-3\"><div class=\"vc_column-inner\"><div class=\"wpb_wrapper\"><div class=\"stats-block stats-left\"><div class=\"aio-icon-left\"><div class=\"ult-just-icon-wrapper\"><div class=\"align-icon\" style=\"text-align:center;\">\n<div class=\"aio-icon none\"  style=\"color:#FFFFFF;font-size:72px;display:inline-block;\">\n\t<i class=\"fas fa-golf-ball-tee\"><\/i>\n<\/div><\/div><\/div><\/div><div class=\"stats-desc\" id=\"counter-responsv-wrap-3459\"><div id=\"counter_109176037669e7368725599\" data-id=\"counter_109176037669e7368725599\"  data-ultimate-target='#counter-responsv-wrap-3459 .stats-number'  data-responsive-json-new='{\"font-size\":\"desktop:48px;\",\"line-height\":\"\"}'  class=\"stats-number ult-responsive\" style=\" color:#FFFFFF; font-family:&#039;Fira Sans&#039;;font-weight:600;color:#FFFFFF;\" data-speed=\"3\" data-counter-value=\"37\" data-separator=\",\" data-decimal=\".\">0<\/div><div id=\"title-counter_109176037669e7368725599\"  data-ultimate-target='#counter-responsv-wrap-3459 .stats-text'  data-responsive-json-new='{\"font-size\":\"desktop:22px;\",\"line-height\":\"\"}'  class=\"stats-text ult-responsive\" style=\"font-size:px; color:#FFFFFF; font-family:&#039;Fira Sans&#039;;\">Golf-Runden<\/div><\/div><\/div><\/div><\/div><\/div><div class=\"wpb_column vc_column_container vc_col-sm-3\"><div class=\"vc_column-inner\"><div class=\"wpb_wrapper\"><div class=\"stats-block stats-left\"><div class=\"aio-icon-left\"><div class=\"ult-just-icon-wrapper\"><div class=\"align-icon\" style=\"text-align:center;\">\n<div class=\"aio-icon none\"  style=\"color:#FFFFFF;font-size:72px;display:inline-block;\">\n\t<i class=\"Defaults-calendar\"><\/i>\n<\/div><\/div><\/div><\/div><div class=\"stats-desc\" id=\"counter-responsv-wrap-2676\"><div id=\"counter_341786564669e7368725720\" data-id=\"counter_341786564669e7368725720\"  data-ultimate-target='#counter-responsv-wrap-2676 .stats-number'  data-responsive-json-new='{\"font-size\":\"desktop:48px;\",\"line-height\":\"\"}'  class=\"stats-number ult-responsive\" style=\" color:#FFFFFF; font-family:&#039;Fira Sans&#039;;font-weight:600;color:#FFFFFF;\" data-speed=\"3\" data-counter-value=\"51\" data-separator=\",\" data-decimal=\".\">0<\/div><div id=\"title-counter_341786564669e7368725720\"  data-ultimate-target='#counter-responsv-wrap-2676 .stats-text'  data-responsive-json-new='{\"font-size\":\"desktop:22px;\",\"line-height\":\"\"}'  class=\"stats-text ult-responsive\" style=\"font-size:px; color:#FFFFFF; font-family:&#039;Fira Sans&#039;;\">Sitzungen<\/div><\/div><\/div><\/div><\/div><\/div><div class=\"wpb_column vc_column_container vc_col-sm-3\"><div class=\"vc_column-inner\"><div class=\"wpb_wrapper\"><div class=\"stats-block stats-left\"><div class=\"aio-icon-left\"><div class=\"ult-just-icon-wrapper\"><div class=\"align-icon\" style=\"text-align:center;\">\n<div class=\"aio-icon none\"  style=\"color:#FFFFFF;font-size:72px;display:inline-block;\">\n\t<i class=\"Defaults-coffee\"><\/i>\n<\/div><\/div><\/div><\/div><div class=\"stats-desc\" id=\"counter-responsv-wrap-7646\"><div id=\"counter_407982317869e73687258bb\" data-id=\"counter_407982317869e73687258bb\"  data-ultimate-target='#counter-responsv-wrap-7646 .stats-number'  data-responsive-json-new='{\"font-size\":\"desktop:48px;\",\"line-height\":\"\"}'  class=\"stats-number ult-responsive\" style=\" color:#FFFFFF; font-family:&#039;Fira Sans&#039;;font-weight:600;color:#FFFFFF;\" data-speed=\"3\" data-counter-value=\"477\" data-separator=\",\" data-decimal=\".\">0<\/div><div id=\"title-counter_407982317869e73687258bb\"  data-ultimate-target='#counter-responsv-wrap-7646 .stats-text'  data-responsive-json-new='{\"font-size\":\"desktop:22px;\",\"line-height\":\"\"}'  class=\"stats-text ult-responsive\" style=\"font-size:px; color:#FFFFFF; font-family:&#039;Fira Sans&#039;;\">Kopper Kaffee<\/div><\/div><\/div><\/div><\/div><\/div><\/div><div class=\"vc_row-full-width vc_clearfix\"><\/div>\n<\/div>","protected":false},"excerpt":{"rendered":"<p>Sammenlign..Compu Golf og konkurrenterne Hvad er forskellen p\u00e5 de forskellige l\u00f8sninger p\u00e5 markedet? F\u00f8rst og fremmest mener vi at det er holdet bag, og den service vi yder. Men selvf\u00f8lgelig er det ogs\u00e5 vigtigt,\u00a0 at den tekniske l\u00f8sning du v\u00e6lger er den bedste. Her str\u00e6ber vi efter at v\u00e6re f\u00f8rende p\u00e5 markedet, og hele tiden&hellip;<\/p>","protected":false},"author":2,"featured_media":3759,"parent":3635,"menu_order":40,"comment_status":"closed","ping_status":"closed","template":"","meta":{"footnotes":""},"class_list":["post-4197","page","type-page","status-publish","has-post-thumbnail","hentry","description-off"],"yoast_head":"<!-- This site is optimized with the Yoast SEO plugin v27.4 - https:\/\/yoast.com\/product\/yoast-seo-wordpress\/ -->\n<title>Sammenlign - Compu Partner<\/title>\n<meta name=\"robots\" content=\"index, follow, max-snippet:-1, max-image-preview:large, max-video-preview:-1\" \/>\n<link rel=\"canonical\" href=\"https:\/\/www.compupartner.dk\/de\/compu-golf\/sammenlign\/\" \/>\n<meta property=\"og:locale\" content=\"de_DE\" \/>\n<meta property=\"og:type\" content=\"article\" \/>\n<meta property=\"og:title\" content=\"Sammenlign - Compu Partner\" \/>\n<meta property=\"og:url\" content=\"https:\/\/www.compupartner.dk\/de\/compu-golf\/sammenlign\/\" \/>\n<meta property=\"og:site_name\" content=\"Compu Partner\" \/>\n<meta property=\"article:publisher\" content=\"https:\/\/www.facebook.com\/profile.php?id=100094090601309\" \/>\n<meta property=\"article:modified_time\" content=\"2025-12-25T21:49:37+00:00\" \/>\n<meta property=\"og:image\" content=\"https:\/\/www.compupartner.dk\/wp-content\/uploads\/2025\/11\/slider-golf.jpg\" \/>\n\t<meta property=\"og:image:width\" content=\"1200\" \/>\n\t<meta property=\"og:image:height\" content=\"600\" \/>\n\t<meta property=\"og:image:type\" content=\"image\/jpeg\" \/>\n<meta name=\"twitter:card\" content=\"summary_large_image\" \/>\n<meta name=\"twitter:label1\" content=\"Gesch\u00e4tzte Lesezeit\" \/>\n\t<meta name=\"twitter:data1\" content=\"3\u00a0Minuten\" \/>\n<script type=\"application\/ld+json\" class=\"yoast-schema-graph\">{\"@context\":\"https:\\\/\\\/schema.org\",\"@graph\":[{\"@type\":\"WebPage\",\"@id\":\"https:\\\/\\\/www.compupartner.dk\\\/compu-golf\\\/sammenlign\\\/\",\"url\":\"https:\\\/\\\/www.compupartner.dk\\\/compu-golf\\\/sammenlign\\\/\",\"name\":\"Sammenlign - Compu Partner\",\"isPartOf\":{\"@id\":\"https:\\\/\\\/www.compupartner.dk\\\/#website\"},\"primaryImageOfPage\":{\"@id\":\"https:\\\/\\\/www.compupartner.dk\\\/compu-golf\\\/sammenlign\\\/#primaryimage\"},\"image\":{\"@id\":\"https:\\\/\\\/www.compupartner.dk\\\/compu-golf\\\/sammenlign\\\/#primaryimage\"},\"thumbnailUrl\":\"https:\\\/\\\/www.compupartner.dk\\\/wp-content\\\/uploads\\\/2025\\\/11\\\/slider-golf.jpg\",\"datePublished\":\"2025-12-20T08:40:03+00:00\",\"dateModified\":\"2025-12-25T21:49:37+00:00\",\"breadcrumb\":{\"@id\":\"https:\\\/\\\/www.compupartner.dk\\\/compu-golf\\\/sammenlign\\\/#breadcrumb\"},\"inLanguage\":\"de\",\"potentialAction\":[{\"@type\":\"ReadAction\",\"target\":[\"https:\\\/\\\/www.compupartner.dk\\\/compu-golf\\\/sammenlign\\\/\"]}]},{\"@type\":\"ImageObject\",\"inLanguage\":\"de\",\"@id\":\"https:\\\/\\\/www.compupartner.dk\\\/compu-golf\\\/sammenlign\\\/#primaryimage\",\"url\":\"https:\\\/\\\/www.compupartner.dk\\\/wp-content\\\/uploads\\\/2025\\\/11\\\/slider-golf.jpg\",\"contentUrl\":\"https:\\\/\\\/www.compupartner.dk\\\/wp-content\\\/uploads\\\/2025\\\/11\\\/slider-golf.jpg\",\"width\":1200,\"height\":600},{\"@type\":\"BreadcrumbList\",\"@id\":\"https:\\\/\\\/www.compupartner.dk\\\/compu-golf\\\/sammenlign\\\/#breadcrumb\",\"itemListElement\":[{\"@type\":\"ListItem\",\"position\":1,\"name\":\"Hjem\",\"item\":\"https:\\\/\\\/www.compupartner.dk\\\/\"},{\"@type\":\"ListItem\",\"position\":2,\"name\":\"Compu Golf\",\"item\":\"https:\\\/\\\/www.compupartner.dk\\\/compu-golf\\\/\"},{\"@type\":\"ListItem\",\"position\":3,\"name\":\"Sammenlign\"}]},{\"@type\":\"WebSite\",\"@id\":\"https:\\\/\\\/www.compupartner.dk\\\/#website\",\"url\":\"https:\\\/\\\/www.compupartner.dk\\\/\",\"name\":\"Compu Partner\",\"description\":\"Payment Solutions for humans\",\"publisher\":{\"@id\":\"https:\\\/\\\/www.compupartner.dk\\\/#organization\"},\"potentialAction\":[{\"@type\":\"SearchAction\",\"target\":{\"@type\":\"EntryPoint\",\"urlTemplate\":\"https:\\\/\\\/www.compupartner.dk\\\/?s={search_term_string}\"},\"query-input\":{\"@type\":\"PropertyValueSpecification\",\"valueRequired\":true,\"valueName\":\"search_term_string\"}}],\"inLanguage\":\"de\"},{\"@type\":\"Organization\",\"@id\":\"https:\\\/\\\/www.compupartner.dk\\\/#organization\",\"name\":\"Compu Partner ApS\",\"url\":\"https:\\\/\\\/www.compupartner.dk\\\/\",\"logo\":{\"@type\":\"ImageObject\",\"inLanguage\":\"de\",\"@id\":\"https:\\\/\\\/www.compupartner.dk\\\/#\\\/schema\\\/logo\\\/image\\\/\",\"url\":\"https:\\\/\\\/www.compupartner.dk\\\/wp-content\\\/uploads\\\/2026\\\/03\\\/CP_b_on_white_large.jpg\",\"contentUrl\":\"https:\\\/\\\/www.compupartner.dk\\\/wp-content\\\/uploads\\\/2026\\\/03\\\/CP_b_on_white_large.jpg\",\"width\":2422,\"height\":349,\"caption\":\"Compu Partner ApS\"},\"image\":{\"@id\":\"https:\\\/\\\/www.compupartner.dk\\\/#\\\/schema\\\/logo\\\/image\\\/\"},\"sameAs\":[\"https:\\\/\\\/www.facebook.com\\\/profile.php?id=100094090601309\",\"https:\\\/\\\/www.linkedin.com\\\/company\\\/compu-partner\"]}]}<\/script>\n<!-- \/ Yoast SEO plugin. -->","yoast_head_json":{"title":"Sammenlign - Compu Partner","robots":{"index":"index","follow":"follow","max-snippet":"max-snippet:-1","max-image-preview":"max-image-preview:large","max-video-preview":"max-video-preview:-1"},"canonical":"https:\/\/www.compupartner.dk\/de\/compu-golf\/sammenlign\/","og_locale":"de_DE","og_type":"article","og_title":"Sammenlign - Compu Partner","og_url":"https:\/\/www.compupartner.dk\/de\/compu-golf\/sammenlign\/","og_site_name":"Compu Partner","article_publisher":"https:\/\/www.facebook.com\/profile.php?id=100094090601309","article_modified_time":"2025-12-25T21:49:37+00:00","og_image":[{"width":1200,"height":600,"url":"https:\/\/www.compupartner.dk\/wp-content\/uploads\/2025\/11\/slider-golf.jpg","type":"image\/jpeg"}],"twitter_card":"summary_large_image","twitter_misc":{"Gesch\u00e4tzte Lesezeit":"3\u00a0Minuten"},"schema":{"@context":"https:\/\/schema.org","@graph":[{"@type":"WebPage","@id":"https:\/\/www.compupartner.dk\/compu-golf\/sammenlign\/","url":"https:\/\/www.compupartner.dk\/compu-golf\/sammenlign\/","name":"Sammenlign - Compu Partner","isPartOf":{"@id":"https:\/\/www.compupartner.dk\/#website"},"primaryImageOfPage":{"@id":"https:\/\/www.compupartner.dk\/compu-golf\/sammenlign\/#primaryimage"},"image":{"@id":"https:\/\/www.compupartner.dk\/compu-golf\/sammenlign\/#primaryimage"},"thumbnailUrl":"https:\/\/www.compupartner.dk\/wp-content\/uploads\/2025\/11\/slider-golf.jpg","datePublished":"2025-12-20T08:40:03+00:00","dateModified":"2025-12-25T21:49:37+00:00","breadcrumb":{"@id":"https:\/\/www.compupartner.dk\/compu-golf\/sammenlign\/#breadcrumb"},"inLanguage":"de","potentialAction":[{"@type":"ReadAction","target":["https:\/\/www.compupartner.dk\/compu-golf\/sammenlign\/"]}]},{"@type":"ImageObject","inLanguage":"de","@id":"https:\/\/www.compupartner.dk\/compu-golf\/sammenlign\/#primaryimage","url":"https:\/\/www.compupartner.dk\/wp-content\/uploads\/2025\/11\/slider-golf.jpg","contentUrl":"https:\/\/www.compupartner.dk\/wp-content\/uploads\/2025\/11\/slider-golf.jpg","width":1200,"height":600},{"@type":"BreadcrumbList","@id":"https:\/\/www.compupartner.dk\/compu-golf\/sammenlign\/#breadcrumb","itemListElement":[{"@type":"ListItem","position":1,"name":"Hjem","item":"https:\/\/www.compupartner.dk\/"},{"@type":"ListItem","position":2,"name":"Compu Golf","item":"https:\/\/www.compupartner.dk\/compu-golf\/"},{"@type":"ListItem","position":3,"name":"Sammenlign"}]},{"@type":"WebSite","@id":"https:\/\/www.compupartner.dk\/#website","url":"https:\/\/www.compupartner.dk\/","name":"Compu-Partner","description":"Zahlungsl\u00f6sungen f\u00fcr Menschen","publisher":{"@id":"https:\/\/www.compupartner.dk\/#organization"},"potentialAction":[{"@type":"SearchAction","target":{"@type":"EntryPoint","urlTemplate":"https:\/\/www.compupartner.dk\/?s={search_term_string}"},"query-input":{"@type":"PropertyValueSpecification","valueRequired":true,"valueName":"search_term_string"}}],"inLanguage":"de"},{"@type":"Organization","@id":"https:\/\/www.compupartner.dk\/#organization","name":"Compu Partner ApS","url":"https:\/\/www.compupartner.dk\/","logo":{"@type":"ImageObject","inLanguage":"de","@id":"https:\/\/www.compupartner.dk\/#\/schema\/logo\/image\/","url":"https:\/\/www.compupartner.dk\/wp-content\/uploads\/2026\/03\/CP_b_on_white_large.jpg","contentUrl":"https:\/\/www.compupartner.dk\/wp-content\/uploads\/2026\/03\/CP_b_on_white_large.jpg","width":2422,"height":349,"caption":"Compu Partner ApS"},"image":{"@id":"https:\/\/www.compupartner.dk\/#\/schema\/logo\/image\/"},"sameAs":["https:\/\/www.facebook.com\/profile.php?id=100094090601309","https:\/\/www.linkedin.com\/company\/compu-partner"]}]}},"_links":{"self":[{"href":"https:\/\/www.compupartner.dk\/de\/wp-json\/wp\/v2\/pages\/4197","targetHints":{"allow":["GET"]}}],"collection":[{"href":"https:\/\/www.compupartner.dk\/de\/wp-json\/wp\/v2\/pages"}],"about":[{"href":"https:\/\/www.compupartner.dk\/de\/wp-json\/wp\/v2\/types\/page"}],"author":[{"embeddable":true,"href":"https:\/\/www.compupartner.dk\/de\/wp-json\/wp\/v2\/users\/2"}],"replies":[{"embeddable":true,"href":"https:\/\/www.compupartner.dk\/de\/wp-json\/wp\/v2\/comments?post=4197"}],"version-history":[{"count":62,"href":"https:\/\/www.compupartner.dk\/de\/wp-json\/wp\/v2\/pages\/4197\/revisions"}],"predecessor-version":[{"id":4451,"href":"https:\/\/www.compupartner.dk\/de\/wp-json\/wp\/v2\/pages\/4197\/revisions\/4451"}],"up":[{"embeddable":true,"href":"https:\/\/www.compupartner.dk\/de\/wp-json\/wp\/v2\/pages\/3635"}],"wp:featuredmedia":[{"embeddable":true,"href":"https:\/\/www.compupartner.dk\/de\/wp-json\/wp\/v2\/media\/3759"}],"wp:attachment":[{"href":"https:\/\/www.compupartner.dk\/de\/wp-json\/wp\/v2\/media?parent=4197"}],"curies":[{"name":"wp","href":"https:\/\/api.w.org\/{rel}","templated":true}]}}