{"id":4268,"date":"2025-12-23T17:20:48","date_gmt":"2025-12-23T16:20:48","guid":{"rendered":"https:\/\/www.compupartner.dk\/?page_id=4268"},"modified":"2026-01-03T12:30:56","modified_gmt":"2026-01-03T11:30:56","slug":"handelsbetingelser","status":"publish","type":"page","link":"https:\/\/www.compupartner.dk\/nb\/handelsbetingelser\/","title":{"rendered":"Vilk\u00e5r og betingelser"},"content":{"rendered":"<div class=\"wpb-content-wrapper\"><div class=\"vc_row wpb_row vc_row-fluid vc_custom_1767439856009\"><div class=\"wpb_column vc_column_container vc_col-sm-12\"><div class=\"vc_column-inner\"><div class=\"wpb_wrapper\">\n\t<div class=\"wpb_text_column wpb_content_element\" >\n\t\t<div class=\"wpb_wrapper\">\n\t\t\t<h3>Tilbud og ordrebekreftelse<\/h3>\n<p>1.1 Selgers tilbud er gyldig i 8 dager regnet fra den dagen tilbudet er datert. Etter utl\u00f8pet av denne perioden bortfaller selgerens tilbud automatisk. Selgers tilbud kan ogs\u00e5 bortfalle dersom en leveranse blir utsolgt eller leveringsbetingelsene endres, f.eks. av en underleverand\u00f8r.<\/p>\n<p>1.2 Selger forbeholder seg retten til \u00e5 gj\u00f8re endringer i leveransen frem til leveringstidspunktet, men i s\u00e5 fall garanterer Selger minst en tilsvarende ytelse.<\/p>\n<p>1.3 Kj\u00f8peren kan kun p\u00e5berope seg vilk\u00e5rene i disse salgs- og leveringsbetingelsene eller i en eventuell individuell avtale mellom partene. Opplysninger gitt av Selger muntlig, p\u00e5 Internett, i brosjyrer etc. er s\u00e5ledes uten betydning for vurderingen av leveransen.<\/p>\n<p>1.4 En bestilling er ikke bindende f\u00f8r den er godkjent av Selger med en ordrebekreftelse per e-post.<\/p>\n<h3>Priser og leveringssted<\/h3>\n<p>2.0 Alle priser som er oppf\u00f8rt p\u00e5 alle plattformer er eksklusive merverdiavgift<\/p>\n<p>2.1 Prisene fremg\u00e5r av Selgers til enhver tid gjeldende prisliste eller av tilsendt ordrebekreftelse.<\/p>\n<p>2.2 Levering skjer ab fabrikk.<\/p>\n<p>2.3 Leveringstidene er oppgitt med forbehold om eventuelle forsinkelser hos underleverand\u00f8rer. Dersom Selger blir kjent med at forsinkelse fra underleverand\u00f8r vil inntreffe eller anser dette som sannsynlig, skal Kj\u00f8per straks underrettes med informasjon om forventet ny leveringstid.<\/p>\n<p>2.4 Ved vesentlig forsinkelse fra Selgerens side har Kj\u00f8peren rett til \u00e5 heve kj\u00f8pet. Dersom det er avtalt l\u00f8pende levering, har Kj\u00f8peren imidlertid bare rett til \u00e5 heve for den forsinkede delleveransen.<\/p>\n<p>2.5 Selger kan ikke under noen omstendighet holdes ansvarlig for Kj\u00f8pers indirekte tap som f\u00f8lge av forsinket eller uteblitt leveranse. Selger kan videre bare holdes ansvarlig for direkte tap dersom Selger vesentlig misligholder avtalen, forutsatt at Kj\u00f8per kan bevise at han har lidt et tap som f\u00f8lge av forsinkelsen.<\/p>\n<h3>Frakt, forsikring og mer.<\/h3>\n<p>3.1 Prisene i tilbudet gjelder ab fabrik og eksklusive frakt, forsendelse, forsikring, emballasje, montering, merverdiavgift og eventuelle offentlige avgifter, med mindre annet er avtalt. Endringer i valutakurser, skatter, forsikringer, frakt og innkj\u00f8pskostnader medf\u00f8rer at Selger kan justere prisene.<\/p>\n<h3>Betalingsmuligheter<\/h3>\n<p>4.1 Selgers betalingsbetingelser er 8 dager fra fakturadato med mindre annet er skriftlig avtalt.<\/p>\n<p>4.2 Dersom Kj\u00f8peren ikke betaler innen forfall og forsinkelsen ikke skyldes Selgerens skyld, har Selgeren rett til \u00e5 kreve forsinkelsesrenter fra forfallsdato i henhold til den til enhver tid gjeldende nasjonale bankrente og til \u00e5 kreve betaling for alle fakturerte og leverte varer, uavhengig av tidligere avtalte kredittvilk\u00e5r.<\/p>\n<p>4.3 Ved tredje purring og deretter har selger rett til \u00e5 avslutte de tjenester, lisenser og abonnementer som m\u00e5tte v\u00e6re knyttet til den manglende betalingen. Dette gj\u00f8res uten ytterligere varsel, og selger kan ikke holdes ansvarlig for driftstap, f\u00f8lgeskader eller andre indirekte tap, herunder tap av data, som f\u00f8lge av dette.<\/p>\n<h3>Tilbakeholdelse av eiendomsrett og sikkerhet<\/h3>\n<p>5.1 Selger beholder eiendomsretten til de solgte varer, uavhengig av om levering har funnet sted, inntil hele kj\u00f8pesummen og eventuelle renter\/gebyrer er betalt.<\/p>\n<p>5.2 Kj\u00f8peren f\u00e5r ingen immaterielle rettigheter til Compu Partners produkter. Dette gjelder b\u00e5de maskinvare og programvare. Det er ikke tillatt \u00e5 gj\u00f8re endringer, modifikasjoner eller lignende p\u00e5 produktene.<\/p>\n<p>5.3 Selger har til enhver tid i forbindelse med eller etter avtaleinng\u00e5elsen rett til \u00e5 kreve betryggende sikkerhet for Selgers samlede kostnader i forbindelse med avtalen.<\/p>\n<h3>Kansellering og endring av bestillinger<\/h3>\n<p>6.1 Etter at Selger har sendt ordrebekreftelse til Kj\u00f8per, har Kj\u00f8per ikke rett til \u00e5 endre eller kansellere bestillingen.<\/p>\n<p>6.2 Dersom Kj\u00f8peren likevel velger \u00e5 avbestille ordren, er Kj\u00f8peren forpliktet til \u00e5 erstatte Selgerens tapte fortjeneste.<\/p>\n<h3>Inspeksjons- og reklamasjonsplikt<\/h3>\n<p>7.1 Kj\u00f8peren skal umiddelbart ved levering eller mottak av varene, og alltid f\u00f8r varene tas i bruk, unders\u00f8ke de leverte varene for \u00e5 sikre at de er uten mangler.<\/p>\n<p>7.2 Dersom Kj\u00f8peren i forbindelse med sin unders\u00f8kelse av varen finner at det foreligger mangler ved varen, skal Kj\u00f8peren straks gi Selgeren melding om mangelen. Ved andre mangler, herunder skjulte mangler som f\u00f8rst viser seg p\u00e5 et senere tidspunkt, m\u00e5 Kj\u00f8per reklamere straks etter at Kj\u00f8per burde ha oppdaget mangelen og senest innen ett \u00e5r etter at levering har funnet sted.<\/p>\n<p>7.3 Dersom Kj\u00f8peren unnlater \u00e5 varsle Selgeren umiddelbart etter at Kj\u00f8peren har blitt oppmerksom p\u00e5 en mangel, kan Kj\u00f8peren ikke senere gj\u00f8re disse manglene gjeldende overfor Selgeren.<\/p>\n<h3>Mangler<\/h3>\n<p>8.1 I en periode p\u00e5 24 m\u00e5neder etter at levering har funnet sted, plikter Selger uten ugrunnet opphold \u00e5 foreta omlevering eller utbedring etter eget valg n\u00e5r det foreligger mangler ved leveransen.<\/p>\n<p>8.2 Selgeren er imidlertid ikke forpliktet til \u00e5 avhjelpe mangler dersom mangelen skyldes at leveransen ikke er installert og\/eller brukt i full overensstemmelse med selgerens anvisninger, feil eller uhensiktsmessig bruk, endringer eller tekniske inngrep foretatt uten selgerens skriftlige samtykke eller ekstraordin\u00e6re klimatiske p\u00e5virkninger.<\/p>\n<p>8.3 Slitedeler omfattes ikke av retten til avhjelp. Kostnader til montering og demontering omfattes heller ikke av retten til avhjelp.<\/p>\n<p>8.4 Dersom Kj\u00f8peren \u00f8nsker \u00e5 reklamere over mangler, m\u00e5 skriftlig reklamasjon skje umiddelbart etter at mangelen er oppdaget.<\/p>\n<p>8.5 Etter at Selger har mottatt reklamasjon p\u00e5 en mangel som anses omfattet av denne bestemmelsen, skal Selger avhjelpe mangelen.<\/p>\n<p>8.6 Dersom kj\u00f8peren kan utf\u00f8re reparasjonen p\u00e5 selskapets adresse, oppfylles selgerens reparasjonsplikt etter denne bestemmelsen ved \u00e5 sende en ny eller reparert del.<\/p>\n<p>8.7 Mangelfulle deler som er skiftet ut i henhold til ovenst\u00e5ende skal stilles til Selgerens disposisjon med mindre annet er avtalt mellom partene.<\/p>\n<p>8.8 Selger har rett til \u00e5 avhjelpe deler av leveransen som er byttet ut eller reparert p\u00e5 samme vilk\u00e5r og under samme forutsetninger som for den opprinnelige leveransen. Selgerens avhjelpsplikt gjelder likevel ikke for noen del av leveransen utover 36 m\u00e5neder etter levering til kj\u00f8peren.<\/p>\n<h3>Begrensninger i ansvar<\/h3>\n<p>9.1 Selgerens ansvar for mangler kan ikke overstige kj\u00f8perens samlede betaling for varen.<\/p>\n<p>9.2 Selger er ikke ansvarlig for indirekte tap, f\u00f8lgetap, driftstap, tap av data og kostnader til gjenoppretting av disse og tapt fortjeneste, uansett om dette skyldes simpel eller grov uaktsomhet. I den utstrekning Selger m\u00e5tte bli holdt ansvarlig overfor tredjemann, er Kj\u00f8per forpliktet til \u00e5 holde Selger skadesl\u00f8s i den utstrekning slikt ansvar overstiger de grenser som er angitt ovenfor.<\/p>\n<h3>Produktansvar<\/h3>\n<p>10.1 Selger er ansvarlig i henhold til produktsikkerhetsloven.<\/p>\n<p>Selger har produktansvar for personskade og tap av fors\u00f8rger som f\u00f8lge av leveransen i henhold til den til enhver tid gjeldende ufravikelige lovgivning. Selger p\u00e5tar seg i tillegg intet produktansvar<\/p>\n<h3>Overlevering<\/h3>\n<p>11.1 Selger kan n\u00e5r som helst helt eller delvis overf\u00f8re alle rettigheter og forpliktelser i henhold til inng\u00e5tte avtaler til en tredjepart.<\/p>\n<h3>Fritak fra ansvar - force majeure<\/h3>\n<p>12.1 F\u00f8lgende omstendigheter skal medf\u00f8re ansvarsfrihet dersom de inntreffer etter avtaleinng\u00e5elsen og hindrer oppfyllelse av avtalen:<\/p>\n<p>12.2 Arbeidskonflikter, streik, lockout og enhver annen omstendighet utenfor partenes kontroll, s\u00e5 som brann, epidemi, krig, uforutsette milit\u00e6rinnkallelser av tilsvarende omfang, sabotasjehandlinger, beslag, valutarestriksjoner, oppr\u00f8r og uroligheter, mangel p\u00e5 transportmidler, alminnelig vareknapphet, restriksjoner p\u00e5 fremdriftsmidler, samt mangler ved leveranser fra underleverand\u00f8rer eller forsinkelser i slike leveranser som skyldes noen av de omstendigheter som er nevnt i dette punkt.<\/p>\n<p>12.3 Den part som \u00f8nsker \u00e5 p\u00e5berope seg en av de ovennevnte omstendighetene, m\u00e5 s\u00e5 snart som mulig informere den annen part om hendelsen som har inntruffet og n\u00e5r den forventes \u00e5 opph\u00f8re.<\/p>\n<p>12.4 Hver av partene har rett til, ved skriftlig varsel til den annen part, \u00e5 si opp avtalen n\u00e5r oppfyllelse innen rimelig tid blir umulig p\u00e5 grunn av noen av de omstendighetene som er nevnt ovenfor.<\/p>\n<h3>Tvistel\u00f8sning<\/h3>\n<p>13.1 Disse vilk\u00e5rene er underlagt dansk lov og jurisdiksjon.<\/p>\n<p>13.2 Enhver tvist eller uenighet som m\u00e5tte oppst\u00e5 i forbindelse med denne avtalen skal l\u00f8ses gjennom forhandlinger. Dersom partene ikke lykkes i \u00e5 finne en minnelig l\u00f8sning p\u00e5 tvisten p\u00e5 denne m\u00e5ten, har hver av partene rett til \u00e5 bringe saken inn for retten p\u00e5 det sted hvor Selger har sitt forretningskontor.<\/p>\n\n\t\t<\/div>\n\t<\/div>\n<\/div><\/div><\/div><\/div>\n<\/div>","protected":false},"excerpt":{"rendered":"<p>Tilbud og ordrebekr\u00e6ftelse 1.1 S\u00e6lgers tilbud er g\u00e6ldende i 8 dage beregnet fra den dag tilbuddet er dateret. Efter udl\u00f8bet af denne frist, bortfalder S\u00e6lgers tilbud automatisk. S\u00e6lgers tilbud kan endvidere bortfalde, hvis en leverance er udsolgt, eller leveringsbetingelserne \u00e6ndres fra f.eks. en underleverand\u00f8rs side. 1.2 S\u00e6lger forbeholder sig retten til at foretage \u00e6ndringer i&hellip;<\/p>","protected":false},"author":2,"featured_media":0,"parent":0,"menu_order":10,"comment_status":"closed","ping_status":"closed","template":"","meta":{"footnotes":""},"class_list":["post-4268","page","type-page","status-publish","hentry","description-off"],"yoast_head":"<!-- This site is optimized with the Yoast SEO plugin v27.4 - https:\/\/yoast.com\/product\/yoast-seo-wordpress\/ -->\n<title>Handelsbetingelser - Compu Partner<\/title>\n<meta name=\"robots\" content=\"noindex, nofollow\" \/>\n<meta property=\"og:locale\" content=\"nb_NO\" \/>\n<meta property=\"og:type\" content=\"article\" \/>\n<meta property=\"og:title\" content=\"Handelsbetingelser - Compu Partner\" \/>\n<meta property=\"og:url\" content=\"https:\/\/www.compupartner.dk\/nb\/handelsbetingelser\/\" \/>\n<meta property=\"og:site_name\" content=\"Compu Partner\" \/>\n<meta property=\"article:publisher\" content=\"https:\/\/www.facebook.com\/profile.php?id=100094090601309\" \/>\n<meta property=\"article:modified_time\" content=\"2026-01-03T11:30:56+00:00\" \/>\n<meta name=\"twitter:card\" content=\"summary_large_image\" \/>\n<meta name=\"twitter:label1\" content=\"Ansl. lesetid\" \/>\n\t<meta name=\"twitter:data1\" content=\"7 minutter\" \/>\n<script type=\"application\/ld+json\" class=\"yoast-schema-graph\">{\"@context\":\"https:\\\/\\\/schema.org\",\"@graph\":[{\"@type\":\"WebPage\",\"@id\":\"https:\\\/\\\/www.compupartner.dk\\\/handelsbetingelser\\\/\",\"url\":\"https:\\\/\\\/www.compupartner.dk\\\/handelsbetingelser\\\/\",\"name\":\"Handelsbetingelser - Compu Partner\",\"isPartOf\":{\"@id\":\"https:\\\/\\\/www.compupartner.dk\\\/#website\"},\"datePublished\":\"2025-12-23T16:20:48+00:00\",\"dateModified\":\"2026-01-03T11:30:56+00:00\",\"breadcrumb\":{\"@id\":\"https:\\\/\\\/www.compupartner.dk\\\/handelsbetingelser\\\/#breadcrumb\"},\"inLanguage\":\"nb-NO\",\"potentialAction\":[{\"@type\":\"ReadAction\",\"target\":[\"https:\\\/\\\/www.compupartner.dk\\\/handelsbetingelser\\\/\"]}]},{\"@type\":\"BreadcrumbList\",\"@id\":\"https:\\\/\\\/www.compupartner.dk\\\/handelsbetingelser\\\/#breadcrumb\",\"itemListElement\":[{\"@type\":\"ListItem\",\"position\":1,\"name\":\"Hjem\",\"item\":\"https:\\\/\\\/www.compupartner.dk\\\/\"},{\"@type\":\"ListItem\",\"position\":2,\"name\":\"Handelsbetingelser\"}]},{\"@type\":\"WebSite\",\"@id\":\"https:\\\/\\\/www.compupartner.dk\\\/#website\",\"url\":\"https:\\\/\\\/www.compupartner.dk\\\/\",\"name\":\"Compu Partner\",\"description\":\"Payment Solutions for humans\",\"publisher\":{\"@id\":\"https:\\\/\\\/www.compupartner.dk\\\/#organization\"},\"potentialAction\":[{\"@type\":\"SearchAction\",\"target\":{\"@type\":\"EntryPoint\",\"urlTemplate\":\"https:\\\/\\\/www.compupartner.dk\\\/?s={search_term_string}\"},\"query-input\":{\"@type\":\"PropertyValueSpecification\",\"valueRequired\":true,\"valueName\":\"search_term_string\"}}],\"inLanguage\":\"nb-NO\"},{\"@type\":\"Organization\",\"@id\":\"https:\\\/\\\/www.compupartner.dk\\\/#organization\",\"name\":\"Compu Partner ApS\",\"url\":\"https:\\\/\\\/www.compupartner.dk\\\/\",\"logo\":{\"@type\":\"ImageObject\",\"inLanguage\":\"nb-NO\",\"@id\":\"https:\\\/\\\/www.compupartner.dk\\\/#\\\/schema\\\/logo\\\/image\\\/\",\"url\":\"https:\\\/\\\/www.compupartner.dk\\\/wp-content\\\/uploads\\\/2026\\\/03\\\/CP_b_on_white_large.jpg\",\"contentUrl\":\"https:\\\/\\\/www.compupartner.dk\\\/wp-content\\\/uploads\\\/2026\\\/03\\\/CP_b_on_white_large.jpg\",\"width\":2422,\"height\":349,\"caption\":\"Compu Partner ApS\"},\"image\":{\"@id\":\"https:\\\/\\\/www.compupartner.dk\\\/#\\\/schema\\\/logo\\\/image\\\/\"},\"sameAs\":[\"https:\\\/\\\/www.facebook.com\\\/profile.php?id=100094090601309\",\"https:\\\/\\\/www.linkedin.com\\\/company\\\/compu-partner\"]}]}<\/script>\n<!-- \/ Yoast SEO plugin. -->","yoast_head_json":{"title":"Handelsbetingelser - Compu Partner","robots":{"index":"noindex","follow":"nofollow"},"og_locale":"nb_NO","og_type":"article","og_title":"Handelsbetingelser - Compu Partner","og_url":"https:\/\/www.compupartner.dk\/nb\/handelsbetingelser\/","og_site_name":"Compu Partner","article_publisher":"https:\/\/www.facebook.com\/profile.php?id=100094090601309","article_modified_time":"2026-01-03T11:30:56+00:00","twitter_card":"summary_large_image","twitter_misc":{"Ansl. lesetid":"7 minutter"},"schema":{"@context":"https:\/\/schema.org","@graph":[{"@type":"WebPage","@id":"https:\/\/www.compupartner.dk\/handelsbetingelser\/","url":"https:\/\/www.compupartner.dk\/handelsbetingelser\/","name":"Handelsbetingelser - Compu Partner","isPartOf":{"@id":"https:\/\/www.compupartner.dk\/#website"},"datePublished":"2025-12-23T16:20:48+00:00","dateModified":"2026-01-03T11:30:56+00:00","breadcrumb":{"@id":"https:\/\/www.compupartner.dk\/handelsbetingelser\/#breadcrumb"},"inLanguage":"nb-NO","potentialAction":[{"@type":"ReadAction","target":["https:\/\/www.compupartner.dk\/handelsbetingelser\/"]}]},{"@type":"BreadcrumbList","@id":"https:\/\/www.compupartner.dk\/handelsbetingelser\/#breadcrumb","itemListElement":[{"@type":"ListItem","position":1,"name":"Hjem","item":"https:\/\/www.compupartner.dk\/"},{"@type":"ListItem","position":2,"name":"Handelsbetingelser"}]},{"@type":"WebSite","@id":"https:\/\/www.compupartner.dk\/#website","url":"https:\/\/www.compupartner.dk\/","name":"Compu Partner","description":"Betalingsl\u00f8sninger for mennesker","publisher":{"@id":"https:\/\/www.compupartner.dk\/#organization"},"potentialAction":[{"@type":"SearchAction","target":{"@type":"EntryPoint","urlTemplate":"https:\/\/www.compupartner.dk\/?s={search_term_string}"},"query-input":{"@type":"PropertyValueSpecification","valueRequired":true,"valueName":"search_term_string"}}],"inLanguage":"nb-NO"},{"@type":"Organization","@id":"https:\/\/www.compupartner.dk\/#organization","name":"Compu Partner ApS","url":"https:\/\/www.compupartner.dk\/","logo":{"@type":"ImageObject","inLanguage":"nb-NO","@id":"https:\/\/www.compupartner.dk\/#\/schema\/logo\/image\/","url":"https:\/\/www.compupartner.dk\/wp-content\/uploads\/2026\/03\/CP_b_on_white_large.jpg","contentUrl":"https:\/\/www.compupartner.dk\/wp-content\/uploads\/2026\/03\/CP_b_on_white_large.jpg","width":2422,"height":349,"caption":"Compu Partner ApS"},"image":{"@id":"https:\/\/www.compupartner.dk\/#\/schema\/logo\/image\/"},"sameAs":["https:\/\/www.facebook.com\/profile.php?id=100094090601309","https:\/\/www.linkedin.com\/company\/compu-partner"]}]}},"_links":{"self":[{"href":"https:\/\/www.compupartner.dk\/nb\/wp-json\/wp\/v2\/pages\/4268","targetHints":{"allow":["GET"]}}],"collection":[{"href":"https:\/\/www.compupartner.dk\/nb\/wp-json\/wp\/v2\/pages"}],"about":[{"href":"https:\/\/www.compupartner.dk\/nb\/wp-json\/wp\/v2\/types\/page"}],"author":[{"embeddable":true,"href":"https:\/\/www.compupartner.dk\/nb\/wp-json\/wp\/v2\/users\/2"}],"replies":[{"embeddable":true,"href":"https:\/\/www.compupartner.dk\/nb\/wp-json\/wp\/v2\/comments?post=4268"}],"version-history":[{"count":9,"href":"https:\/\/www.compupartner.dk\/nb\/wp-json\/wp\/v2\/pages\/4268\/revisions"}],"predecessor-version":[{"id":4727,"href":"https:\/\/www.compupartner.dk\/nb\/wp-json\/wp\/v2\/pages\/4268\/revisions\/4727"}],"wp:attachment":[{"href":"https:\/\/www.compupartner.dk\/nb\/wp-json\/wp\/v2\/media?parent=4268"}],"curies":[{"name":"wp","href":"https:\/\/api.w.org\/{rel}","templated":true}]}}