{"id":4678,"date":"2026-01-01T15:57:16","date_gmt":"2026-01-01T14:57:16","guid":{"rendered":"https:\/\/www.compupartner.dk\/?page_id=4678"},"modified":"2026-01-08T13:05:57","modified_gmt":"2026-01-08T12:05:57","slug":"flexbox","status":"publish","type":"page","link":"https:\/\/www.compupartner.dk\/nb\/compu-golf\/flexbox\/","title":{"rendered":"Flexbox"},"content":{"rendered":"<div class=\"wpb-content-wrapper\"><div class=\"vc_row wpb_row vc_row-fluid vc_custom_1767347320976\"><div class=\"wpb_column vc_column_container vc_col-sm-4\"><div class=\"vc_column-inner\"><div class=\"wpb_wrapper\">\n\t<div  class=\"wpb_single_image wpb_content_element vc_align_left  wpb_animate_when_almost_visible wpb_fadeInUp fadeInUp vc_custom_1767280740616\">\n\t\t\n\t\t<figure class=\"wpb_wrapper vc_figure\">\n\t\t\t<div class=\"vc_single_image-wrapper vc_box_rounded  vc_box_border_grey\"><img decoding=\"async\" class=\"vc_single_image-img\" src=\"https:\/\/www.compupartner.dk\/wp-content\/uploads\/2026\/01\/ef047e55-96ae-4eaa-9886-6250538a399b-400x550.png\" width=\"400\" height=\"550\" alt=\"ef047e55-96ae-4eaa-9886-6250538a399b\" title=\"ef047e55-96ae-4eaa-9886-6250538a399b\" loading=\"lazy\"  data-dt-location=\"https:\/\/www.compupartner.dk\/nb\/compu-golf\/flexbox\/ef047e55-96ae-4eaa-9886-6250538a399b\/\" \/><\/div>\n\t\t<\/figure>\n\t<\/div>\n<\/div><\/div><\/div><div class=\"wpb_column vc_column_container vc_col-sm-8\"><div class=\"vc_column-inner vc_custom_1762329594574\"><div class=\"wpb_wrapper\"><div id=\"ultimate-heading-164769e4dc0e57a1a\" class=\"uvc-heading ult-adjust-bottom-margin ultimate-heading-164769e4dc0e57a1a uvc-9733\" data-hspacer=\"no_spacer\"  data-halign=\"left\" style=\"text-align:left\"><div class=\"uvc-heading-spacer no_spacer\" style=\"top\"><\/div><div class=\"uvc-main-heading ult-responsive\"  data-ultimate-target='.uvc-heading.ultimate-heading-164769e4dc0e57a1a h2'  data-responsive-json-new='{\"font-size\":\"desktop:48px;\",\"line-height\":\"\"}' ><h2 style=\"--font-weight:theme;color:#148ba9;margin-bottom:20px;\">Salg og utleie i golfklubben<\/h2><\/div><div class=\"uvc-sub-heading ult-responsive\"  data-ultimate-target='.uvc-heading.ultimate-heading-164769e4dc0e57a1a .uvc-sub-heading '  data-responsive-json-new='{\"font-size\":\"desktop:26px;\",\"line-height\":\"desktop:44px;\"}'  style=\"font-weight:bold;color:#222222;margin-bottom:30px;\">For medlemmer og Greenfee-gjester<\/div><\/div>\n\t<div class=\"wpb_text_column wpb_content_element  wpb_animate_when_almost_visible wpb_fadeInUp fadeInUp vc_custom_1767280238746\" >\n\t\t<div class=\"wpb_wrapper\">\n\t\t\t<p>Flexbox er en enkel og rimelig l\u00f8sning for utlevering og tilbakelevering av buggyn\u00f8kler for utleie, og det er ogs\u00e5 mulig \u00e5 selge golfballer og annet tilbeh\u00f8r.<\/p>\n<p>Vi har nettopp lansert Flexbox V2, som er en fysisk st\u00f8rre og modernisert versjon av den opprinnelige Flexbox. Den nye modellen har ogs\u00e5 innebygd LED-lys og st\u00f8rre ruter i d\u00f8rene for bedre produktpresentasjon. St\u00f8rrelsen er utformet slik at Flexbox V2 kan romme en hel kasse med 15 golfballer, golfhansker og lignende.<\/p>\n\n\t\t<\/div>\n\t<\/div>\n<style type=\"text\/css\" data-type=\"the7_shortcodes-inline-css\">#default-btn-f2b45c098d7a065eb93b2089f086dd65.ico-right-side > i {\n  margin-right: 0px;\n  margin-left: 8px;\n}\n#default-btn-f2b45c098d7a065eb93b2089f086dd65 > i {\n  margin-right: 8px;\n}<\/style><a href=\"http:\/\/94.130.143.234\/~compupartner\/kontakt\/\" class=\"default-btn-shortcode dt-btn dt-btn-l fadeInUp animate-element animation-builder link-hover-off btn-inline-left  vc_custom_1766654225869\" id=\"default-btn-f2b45c098d7a065eb93b2089f086dd65\" title=\"Kontakt\"><span>Kontakt oss<\/span><\/a><\/div><\/div><\/div><\/div><div data-vc-full-width=\"true\" data-vc-full-width-temp=\"true\" data-vc-full-width-init=\"false\" class=\"vc_row wpb_row vc_row-fluid vc_custom_1767141210156 vc_row-has-fill\"><div class=\"wpb_column vc_column_container vc_col-sm-6\"><div class=\"vc_column-inner\"><div class=\"wpb_wrapper\">\n\t<div  class=\"wpb_single_image wpb_content_element vc_align_center  vc_custom_1767344090661\">\n\t\t\n\t\t<figure class=\"wpb_wrapper vc_figure\">\n\t\t\t<div class=\"vc_single_image-wrapper vc_box_rounded  vc_box_border_grey\"><img loading=\"lazy\" decoding=\"async\" width=\"1024\" height=\"1024\" src=\"https:\/\/www.compupartner.dk\/wp-content\/uploads\/2025\/12\/12058ae6-2f98-4863-a367-5734c5fd28ed.png\" class=\"vc_single_image-img attachment-large\" alt=\"\" title=\"12058ae6-2f98-4863-a367-5734c5fd28ed\" srcset=\"https:\/\/www.compupartner.dk\/wp-content\/uploads\/2025\/12\/12058ae6-2f98-4863-a367-5734c5fd28ed.png 1024w, https:\/\/www.compupartner.dk\/wp-content\/uploads\/2025\/12\/12058ae6-2f98-4863-a367-5734c5fd28ed-300x300.png 300w, https:\/\/www.compupartner.dk\/wp-content\/uploads\/2025\/12\/12058ae6-2f98-4863-a367-5734c5fd28ed-150x150.png 150w, https:\/\/www.compupartner.dk\/wp-content\/uploads\/2025\/12\/12058ae6-2f98-4863-a367-5734c5fd28ed-768x768.png 768w\" sizes=\"auto, (max-width: 1024px) 100vw, 1024px\"  data-dt-location=\"https:\/\/www.compupartner.dk\/nb\/tjek-in-selvbetjening\/12058ae6-2f98-4863-a367-5734c5fd28ed\/\" \/><\/div>\n\t\t<\/figure>\n\t<\/div>\n<\/div><\/div><\/div><div class=\"wpb_column vc_column_container vc_col-sm-6\"><div class=\"vc_column-inner\"><div class=\"wpb_wrapper\"><div id=\"ultimate-heading-197369e4dc0e58521\" class=\"uvc-heading ult-adjust-bottom-margin ultimate-heading-197369e4dc0e58521 uvc-7381  uvc-heading-default-font-sizes\" data-hspacer=\"no_spacer\"  data-halign=\"left\" style=\"text-align:left\"><div class=\"uvc-heading-spacer no_spacer\" style=\"top\"><\/div><div class=\"uvc-main-heading ult-responsive\"  data-ultimate-target='.uvc-heading.ultimate-heading-197369e4dc0e58521 h2'  data-responsive-json-new='{\"font-size\":\"\",\"line-height\":\"\"}' ><h2 style=\"--font-weight:theme;\">FlexBox V1<\/h2><\/div><div class=\"uvc-sub-heading ult-responsive\"  data-ultimate-target='.uvc-heading.ultimate-heading-197369e4dc0e58521 .uvc-sub-heading '  data-responsive-json-new='{\"font-size\":\"\",\"line-height\":\"\"}'  style=\"font-weight:normal;\"><\/p>\n<h4>For n\u00f8kler og sm\u00e5 gjenstander<\/h4>\n<p><\/div><\/div>\n\t<div class=\"wpb_text_column wpb_content_element  vc_custom_1767346237938\" >\n\t\t<div class=\"wpb_wrapper\">\n\t\t\t<p>Flexbox er klassikeren du finner i mange golfklubber.<\/p>\n<p>Lagerrommet har den perfekte st\u00f8rrelsen for oppbevaring av buggyn\u00f8kler og salg av mindre gjenstander som golfballhylser, poser med tees osv.<\/p>\n<p>Flexbox inneholder 8 avdelinger. Hvis du \u00f8nsker flere enn 8 rom, kan Flexbox s\u00f8ml\u00f8st kobles til flere enheter, samtidig som brukeren f\u00e5r den samme s\u00f8ml\u00f8se opplevelsen. Flexbox er nettverkstilkoblet og kan derfor plasseres andre steder enn rett ved siden av ber\u00f8ringsskjermen som den betjenes fra.<\/p>\n<p>Ytre m\u00e5l 60x50x24cm (HxBxD), Obligatorisk serviceavtale 165 DKK\/m\u00e5ned (f\u00f8rste enhet) eller 90 DKK\/m\u00e5ned (p\u00e5f\u00f8lgende enheter) : Omfatter gratis support syv dager i uken og utvidet garanti p\u00e5 alle komponenter (unntatt kj\u00f8ring).<\/p>\n\n\t\t<\/div>\n\t<\/div>\n<h2 style=\"text-align: right\" class=\"vc_custom_heading vc_do_custom_heading vc_custom_1767345664934\" >7995,- DKK<\/h2><\/div><\/div><\/div><\/div><div class=\"vc_row-full-width vc_clearfix\"><\/div><div data-vc-full-width=\"true\" data-vc-full-width-temp=\"true\" data-vc-full-width-init=\"false\" class=\"vc_row wpb_row vc_row-fluid vc_custom_1767345770483 vc_row-has-fill\"><div class=\"wpb_column vc_column_container vc_col-sm-6\"><div class=\"vc_column-inner\"><div class=\"wpb_wrapper\">\n\t<div  class=\"wpb_single_image wpb_content_element vc_align_center  vc_custom_1767344465149\">\n\t\t\n\t\t<figure class=\"wpb_wrapper vc_figure\">\n\t\t\t<div class=\"vc_single_image-wrapper vc_box_rounded  vc_box_border_grey\"><img loading=\"lazy\" decoding=\"async\" width=\"1024\" height=\"1024\" src=\"https:\/\/www.compupartner.dk\/wp-content\/uploads\/2026\/01\/FBV2.png\" class=\"vc_single_image-img attachment-large\" alt=\"\" title=\"FBV2\" srcset=\"https:\/\/www.compupartner.dk\/wp-content\/uploads\/2026\/01\/FBV2.png 1024w, https:\/\/www.compupartner.dk\/wp-content\/uploads\/2026\/01\/FBV2-300x300.png 300w, https:\/\/www.compupartner.dk\/wp-content\/uploads\/2026\/01\/FBV2-150x150.png 150w, https:\/\/www.compupartner.dk\/wp-content\/uploads\/2026\/01\/FBV2-768x768.png 768w\" sizes=\"auto, (max-width: 1024px) 100vw, 1024px\"  data-dt-location=\"https:\/\/www.compupartner.dk\/nb\/compu-golf\/flexbox\/fbv2\/\" \/><\/div>\n\t\t<\/figure>\n\t<\/div>\n<\/div><\/div><\/div><div class=\"wpb_column vc_column_container vc_col-sm-6\"><div class=\"vc_column-inner\"><div class=\"wpb_wrapper\"><div id=\"ultimate-heading-730469e4dc0e58d55\" class=\"uvc-heading ult-adjust-bottom-margin ultimate-heading-730469e4dc0e58d55 uvc-7497  uvc-heading-default-font-sizes\" data-hspacer=\"no_spacer\"  data-halign=\"left\" style=\"text-align:left\"><div class=\"uvc-heading-spacer no_spacer\" style=\"top\"><\/div><div class=\"uvc-main-heading ult-responsive\"  data-ultimate-target='.uvc-heading.ultimate-heading-730469e4dc0e58d55 h2'  data-responsive-json-new='{\"font-size\":\"\",\"line-height\":\"\"}' ><h2 style=\"--font-weight:theme;\">Flexbox V2<\/h2><\/div><div class=\"uvc-sub-heading ult-responsive\"  data-ultimate-target='.uvc-heading.ultimate-heading-730469e4dc0e58d55 .uvc-sub-heading '  data-responsive-json-new='{\"font-size\":\"\",\"line-height\":\"\"}'  style=\"font-weight:normal;\"><\/p>\n<h4>For n\u00f8kler og alle typer merchandising<\/h4>\n<p><\/div><\/div>\n\t<div class=\"wpb_text_column wpb_content_element  vc_custom_1767346252631\" >\n\t\t<div class=\"wpb_wrapper\">\n\t\t\t<p>Nytt for 2026! FlexBox V2 er basert p\u00e5 den samme velpr\u00f8vde teknologien som originalen, men tilbyr n\u00e5 mer plass, st\u00f8rre produktruter og LED-belysning for produktene for en mye bedre presentasjon.<\/p>\n<p>Flexbox V2 kan uten problemer romme en 15-delt eske med golfballer st\u00e5ende, en golfhanske og gjenstander av lignende st\u00f8rrelse. Og selvf\u00f8lgelig kan den ogs\u00e5 brukes til n\u00f8kler og utleie, slik du kjenner det fra originalen.<\/p>\n<p>Ytre m\u00e5l 80x78x24 cm (HxBxD). Obligatorisk serviceavtale 165 DKK\/m\u00e5ned (f\u00f8rste enhet) eller 90 DKK\/m\u00e5ned (p\u00e5f\u00f8lgende enheter): Omfatter gratis support sju dager i uken og utvidet garanti p\u00e5 alle komponenter (unntatt eventuell kj\u00f8ring).<\/p>\n\n\t\t<\/div>\n\t<\/div>\n<h2 style=\"text-align: right\" class=\"vc_custom_heading vc_do_custom_heading vc_custom_1767345691979\" >9995,- DKK<\/h2><\/div><\/div><\/div><\/div><div class=\"vc_row-full-width vc_clearfix\"><\/div><div data-vc-full-width=\"true\" data-vc-full-width-temp=\"true\" data-vc-full-width-init=\"false\" class=\"vc_row wpb_row vc_row-fluid vc_custom_1767270052348 vc_row-has-fill\"><div class=\"wpb_column vc_column_container vc_col-sm-12\"><div class=\"vc_column-inner\"><div class=\"wpb_wrapper\"><div id=\"ultimate-heading-867469e4dc0e5912a\" class=\"uvc-heading ult-adjust-bottom-margin ultimate-heading-867469e4dc0e5912a uvc-454\" data-hspacer=\"no_spacer\"  data-halign=\"center\" style=\"text-align:center\"><div class=\"uvc-heading-spacer no_spacer\" style=\"top\"><\/div><div class=\"uvc-main-heading ult-responsive\"  data-ultimate-target='.uvc-heading.ultimate-heading-867469e4dc0e5912a h2'  data-responsive-json-new='{\"font-size\":\"desktop:48px;\",\"line-height\":\"\"}' ><h2 style=\"--font-weight:theme;color:#148BA9;\">Flere alternativer for Golfbox touch<\/h2><\/div><div class=\"uvc-sub-heading ult-responsive\"  data-ultimate-target='.uvc-heading.ultimate-heading-867469e4dc0e5912a .uvc-sub-heading '  data-responsive-json-new='{\"font-size\":\"desktop:26px;\",\"line-height\":\"\"}'  style=\"font-weight:normal;\">Velg nedenfor for \u00e5 lese mer<\/div><\/div><\/div><\/div><\/div><\/div><div class=\"vc_row-full-width vc_clearfix\"><\/div><div data-vc-full-width=\"true\" data-vc-full-width-temp=\"true\" data-vc-full-width-init=\"false\" class=\"vc_row wpb_row vc_row-fluid vc_custom_1767270023651 vc_row-has-fill vc_column-gap-35 vc_row-o-equal-height vc_row-flex\"><div class=\"wpb_column vc_column_container vc_col-sm-6 vc_col-has-fill\"><div class=\"vc_column-inner vc_custom_1767270133581\"><div class=\"wpb_wrapper\"><div id=\"ultimate-heading-858669e4dc0e593de\" class=\"uvc-heading ult-adjust-bottom-margin ultimate-heading-858669e4dc0e593de uvc-4353\" data-hspacer=\"no_spacer\"  data-halign=\"center\" style=\"text-align:center\"><div class=\"uvc-heading-spacer no_spacer\" style=\"top\"><\/div><div class=\"uvc-main-heading ult-responsive\"  data-ultimate-target='.uvc-heading.ultimate-heading-858669e4dc0e593de h2'  data-responsive-json-new='{\"font-size\":\"desktop:40px;\",\"line-height\":\"\"}' ><h2 style=\"--font-weight:theme;color:#FFFFFF;\">Scorekortskrivere<\/h2><\/div><\/div>\n\t<div class=\"wpb_text_column wpb_content_element  vc_custom_1767270807166\" >\n\t\t<div class=\"wpb_wrapper\">\n\t\t\t<p style=\"text-align: center;\"><span style=\"color: #ffffff;\">Profesjonelle scorekortskrivere for blekk eller laser med service- og supportavtaler.<\/span><\/p>\n\n\t\t<\/div>\n\t<\/div>\n\n\t<div  class=\"wpb_single_image wpb_content_element vc_align_center  vc_custom_1767270419462\">\n\t\t\n\t\t<figure class=\"wpb_wrapper vc_figure\">\n\t\t\t<div class=\"vc_single_image-wrapper vc_box_rounded  vc_box_border_grey\"><img loading=\"lazy\" decoding=\"async\" width=\"300\" height=\"300\" src=\"https:\/\/www.compupartner.dk\/wp-content\/uploads\/2025\/12\/HLL5215DN_main-300x300.png\" class=\"vc_single_image-img attachment-medium\" alt=\"\" title=\"HLL5215DN_main\" srcset=\"https:\/\/www.compupartner.dk\/wp-content\/uploads\/2025\/12\/HLL5215DN_main-300x300.png 300w, https:\/\/www.compupartner.dk\/wp-content\/uploads\/2025\/12\/HLL5215DN_main-150x150.png 150w, https:\/\/www.compupartner.dk\/wp-content\/uploads\/2025\/12\/HLL5215DN_main-768x768.png 768w, https:\/\/www.compupartner.dk\/wp-content\/uploads\/2025\/12\/HLL5215DN_main.png 960w\" sizes=\"auto, (max-width: 300px) 100vw, 300px\"  data-dt-location=\"https:\/\/www.compupartner.dk\/nb\/tjek-in-selvbetjening\/hll5215dn_main\/\" \/><\/div>\n\t\t<\/figure>\n\t<\/div>\n<\/div><\/div><\/div><div class=\"wpb_column vc_column_container vc_col-sm-6 vc_col-has-fill\"><div class=\"vc_column-inner vc_custom_1767270128849\"><div class=\"wpb_wrapper\"><div id=\"ultimate-heading-1269e4dc0e59910\" class=\"uvc-heading ult-adjust-bottom-margin ultimate-heading-1269e4dc0e59910 uvc-8412\" data-hspacer=\"no_spacer\"  data-halign=\"center\" style=\"text-align:center\"><div class=\"uvc-heading-spacer no_spacer\" style=\"top\"><\/div><div class=\"uvc-main-heading ult-responsive\"  data-ultimate-target='.uvc-heading.ultimate-heading-1269e4dc0e59910 h2'  data-responsive-json-new='{\"font-size\":\"desktop:40px;\",\"line-height\":\"\"}' ><h2 style=\"--font-weight:theme;color:#FFFFFF;\">FLEXBOX 1 &amp; 2<\/h2><\/div><\/div>\n\t<div class=\"wpb_text_column wpb_content_element  vc_custom_1767270919917\" >\n\t\t<div class=\"wpb_wrapper\">\n\t\t\t<p style=\"text-align: center;\"><span style=\"color: #ffffff;\">For n\u00f8kkelutlevering og retur, samt salg av varer som tees, golfballer etc. NY modell for 2026!<\/span><\/p>\n\n\t\t<\/div>\n\t<\/div>\n\n\t<div  class=\"wpb_single_image wpb_content_element vc_align_center  vc_custom_1767270587795\">\n\t\t\n\t\t<figure class=\"wpb_wrapper vc_figure\">\n\t\t\t<div class=\"vc_single_image-wrapper vc_box_rounded  vc_box_border_grey\"><img loading=\"lazy\" decoding=\"async\" width=\"300\" height=\"300\" src=\"https:\/\/www.compupartner.dk\/wp-content\/uploads\/2025\/12\/12058ae6-2f98-4863-a367-5734c5fd28ed-300x300.png\" class=\"vc_single_image-img attachment-medium\" alt=\"\" title=\"12058ae6-2f98-4863-a367-5734c5fd28ed\" srcset=\"https:\/\/www.compupartner.dk\/wp-content\/uploads\/2025\/12\/12058ae6-2f98-4863-a367-5734c5fd28ed-300x300.png 300w, https:\/\/www.compupartner.dk\/wp-content\/uploads\/2025\/12\/12058ae6-2f98-4863-a367-5734c5fd28ed-150x150.png 150w, https:\/\/www.compupartner.dk\/wp-content\/uploads\/2025\/12\/12058ae6-2f98-4863-a367-5734c5fd28ed-768x768.png 768w, https:\/\/www.compupartner.dk\/wp-content\/uploads\/2025\/12\/12058ae6-2f98-4863-a367-5734c5fd28ed.png 1024w\" sizes=\"auto, (max-width: 300px) 100vw, 300px\"  data-dt-location=\"https:\/\/www.compupartner.dk\/nb\/tjek-in-selvbetjening\/12058ae6-2f98-4863-a367-5734c5fd28ed\/\" \/><\/div>\n\t\t<\/figure>\n\t<\/div>\n<\/div><\/div><\/div><\/div><div class=\"vc_row-full-width vc_clearfix\"><\/div><div style=\"min-height: 350px\" data-vc-full-width=\"true\" data-vc-full-width-temp=\"true\" data-vc-full-width-init=\"false\" data-vc-stretch-content=\"true\" data-vc-parallax=\"1.7\" data-vc-parallax-image=\"https:\/\/www.compupartner.dk\/wp-content\/uploads\/2026\/01\/envato-labs-image-edit-1-scaled.png\" class=\"vc_row wpb_row vc_row-fluid vc_custom_1767271410934 vc_row-has-fill vc_row-o-content-middle vc_row-flex vc_general vc_parallax vc_parallax-content-moving\"><div class=\"wpb_column vc_column_container vc_col-sm-12\"><div class=\"vc_column-inner\"><div class=\"wpb_wrapper\"><\/div><\/div><\/div><\/div><div class=\"vc_row-full-width vc_clearfix\"><\/div>\n<\/div>","protected":false},"excerpt":{"rendered":"<p>Salg &amp; udlejning i golfklubbenFor medlemmer og Greenfee g\u00e6ster Flexbox er en nem og prisbillig l\u00f8sning til udlevering og returnering af buggyn\u00f8gler i forbindelse med udlejning, og det er ogs\u00e5 muligt at s\u00e6lge f.eks. golfbolde og andet tilbeh\u00f8r. Vi har netop introduceret Flexbox V2, der er en fysisk st\u00f8rre og moderniseret version af den oprindelige&hellip;<\/p>","protected":false},"author":2,"featured_media":3759,"parent":3635,"menu_order":40,"comment_status":"closed","ping_status":"closed","template":"","meta":{"footnotes":""},"class_list":["post-4678","page","type-page","status-publish","has-post-thumbnail","hentry","description-off"],"yoast_head":"<!-- This site is optimized with the Yoast SEO plugin v27.4 - https:\/\/yoast.com\/product\/yoast-seo-wordpress\/ -->\n<title>Flexbox - Compu Partner<\/title>\n<meta name=\"robots\" content=\"index, follow, max-snippet:-1, max-image-preview:large, max-video-preview:-1\" \/>\n<link rel=\"canonical\" href=\"https:\/\/www.compupartner.dk\/nb\/compu-golf\/flexbox\/\" \/>\n<meta property=\"og:locale\" content=\"nb_NO\" \/>\n<meta property=\"og:type\" content=\"article\" \/>\n<meta property=\"og:title\" content=\"Flexbox - Compu Partner\" \/>\n<meta property=\"og:url\" content=\"https:\/\/www.compupartner.dk\/nb\/compu-golf\/flexbox\/\" \/>\n<meta property=\"og:site_name\" content=\"Compu Partner\" \/>\n<meta property=\"article:publisher\" content=\"https:\/\/www.facebook.com\/profile.php?id=100094090601309\" \/>\n<meta property=\"article:modified_time\" content=\"2026-01-08T12:05:57+00:00\" \/>\n<meta property=\"og:image\" content=\"https:\/\/www.compupartner.dk\/wp-content\/uploads\/2025\/11\/slider-golf.jpg\" \/>\n\t<meta property=\"og:image:width\" content=\"1200\" \/>\n\t<meta property=\"og:image:height\" content=\"600\" \/>\n\t<meta property=\"og:image:type\" content=\"image\/jpeg\" \/>\n<meta name=\"twitter:card\" content=\"summary_large_image\" \/>\n<meta name=\"twitter:label1\" content=\"Ansl. lesetid\" \/>\n\t<meta name=\"twitter:data1\" content=\"5 minutter\" \/>\n<script type=\"application\/ld+json\" class=\"yoast-schema-graph\">{\"@context\":\"https:\\\/\\\/schema.org\",\"@graph\":[{\"@type\":\"WebPage\",\"@id\":\"https:\\\/\\\/www.compupartner.dk\\\/compu-golf\\\/flexbox\\\/\",\"url\":\"https:\\\/\\\/www.compupartner.dk\\\/compu-golf\\\/flexbox\\\/\",\"name\":\"Flexbox - Compu Partner\",\"isPartOf\":{\"@id\":\"https:\\\/\\\/www.compupartner.dk\\\/#website\"},\"primaryImageOfPage\":{\"@id\":\"https:\\\/\\\/www.compupartner.dk\\\/compu-golf\\\/flexbox\\\/#primaryimage\"},\"image\":{\"@id\":\"https:\\\/\\\/www.compupartner.dk\\\/compu-golf\\\/flexbox\\\/#primaryimage\"},\"thumbnailUrl\":\"https:\\\/\\\/www.compupartner.dk\\\/wp-content\\\/uploads\\\/2025\\\/11\\\/slider-golf.jpg\",\"datePublished\":\"2026-01-01T14:57:16+00:00\",\"dateModified\":\"2026-01-08T12:05:57+00:00\",\"breadcrumb\":{\"@id\":\"https:\\\/\\\/www.compupartner.dk\\\/compu-golf\\\/flexbox\\\/#breadcrumb\"},\"inLanguage\":\"nb-NO\",\"potentialAction\":[{\"@type\":\"ReadAction\",\"target\":[\"https:\\\/\\\/www.compupartner.dk\\\/compu-golf\\\/flexbox\\\/\"]}]},{\"@type\":\"ImageObject\",\"inLanguage\":\"nb-NO\",\"@id\":\"https:\\\/\\\/www.compupartner.dk\\\/compu-golf\\\/flexbox\\\/#primaryimage\",\"url\":\"https:\\\/\\\/www.compupartner.dk\\\/wp-content\\\/uploads\\\/2025\\\/11\\\/slider-golf.jpg\",\"contentUrl\":\"https:\\\/\\\/www.compupartner.dk\\\/wp-content\\\/uploads\\\/2025\\\/11\\\/slider-golf.jpg\",\"width\":1200,\"height\":600},{\"@type\":\"BreadcrumbList\",\"@id\":\"https:\\\/\\\/www.compupartner.dk\\\/compu-golf\\\/flexbox\\\/#breadcrumb\",\"itemListElement\":[{\"@type\":\"ListItem\",\"position\":1,\"name\":\"Hjem\",\"item\":\"https:\\\/\\\/www.compupartner.dk\\\/\"},{\"@type\":\"ListItem\",\"position\":2,\"name\":\"Compu Golf\",\"item\":\"https:\\\/\\\/www.compupartner.dk\\\/compu-golf\\\/\"},{\"@type\":\"ListItem\",\"position\":3,\"name\":\"Flexbox\"}]},{\"@type\":\"WebSite\",\"@id\":\"https:\\\/\\\/www.compupartner.dk\\\/#website\",\"url\":\"https:\\\/\\\/www.compupartner.dk\\\/\",\"name\":\"Compu Partner\",\"description\":\"Payment Solutions for humans\",\"publisher\":{\"@id\":\"https:\\\/\\\/www.compupartner.dk\\\/#organization\"},\"potentialAction\":[{\"@type\":\"SearchAction\",\"target\":{\"@type\":\"EntryPoint\",\"urlTemplate\":\"https:\\\/\\\/www.compupartner.dk\\\/?s={search_term_string}\"},\"query-input\":{\"@type\":\"PropertyValueSpecification\",\"valueRequired\":true,\"valueName\":\"search_term_string\"}}],\"inLanguage\":\"nb-NO\"},{\"@type\":\"Organization\",\"@id\":\"https:\\\/\\\/www.compupartner.dk\\\/#organization\",\"name\":\"Compu Partner ApS\",\"url\":\"https:\\\/\\\/www.compupartner.dk\\\/\",\"logo\":{\"@type\":\"ImageObject\",\"inLanguage\":\"nb-NO\",\"@id\":\"https:\\\/\\\/www.compupartner.dk\\\/#\\\/schema\\\/logo\\\/image\\\/\",\"url\":\"https:\\\/\\\/www.compupartner.dk\\\/wp-content\\\/uploads\\\/2026\\\/03\\\/CP_b_on_white_large.jpg\",\"contentUrl\":\"https:\\\/\\\/www.compupartner.dk\\\/wp-content\\\/uploads\\\/2026\\\/03\\\/CP_b_on_white_large.jpg\",\"width\":2422,\"height\":349,\"caption\":\"Compu Partner ApS\"},\"image\":{\"@id\":\"https:\\\/\\\/www.compupartner.dk\\\/#\\\/schema\\\/logo\\\/image\\\/\"},\"sameAs\":[\"https:\\\/\\\/www.facebook.com\\\/profile.php?id=100094090601309\",\"https:\\\/\\\/www.linkedin.com\\\/company\\\/compu-partner\"]}]}<\/script>\n<!-- \/ Yoast SEO plugin. -->","yoast_head_json":{"title":"Flexbox - Compu Partner","robots":{"index":"index","follow":"follow","max-snippet":"max-snippet:-1","max-image-preview":"max-image-preview:large","max-video-preview":"max-video-preview:-1"},"canonical":"https:\/\/www.compupartner.dk\/nb\/compu-golf\/flexbox\/","og_locale":"nb_NO","og_type":"article","og_title":"Flexbox - Compu Partner","og_url":"https:\/\/www.compupartner.dk\/nb\/compu-golf\/flexbox\/","og_site_name":"Compu Partner","article_publisher":"https:\/\/www.facebook.com\/profile.php?id=100094090601309","article_modified_time":"2026-01-08T12:05:57+00:00","og_image":[{"width":1200,"height":600,"url":"https:\/\/www.compupartner.dk\/wp-content\/uploads\/2025\/11\/slider-golf.jpg","type":"image\/jpeg"}],"twitter_card":"summary_large_image","twitter_misc":{"Ansl. lesetid":"5 minutter"},"schema":{"@context":"https:\/\/schema.org","@graph":[{"@type":"WebPage","@id":"https:\/\/www.compupartner.dk\/compu-golf\/flexbox\/","url":"https:\/\/www.compupartner.dk\/compu-golf\/flexbox\/","name":"Flexbox - Compu Partner","isPartOf":{"@id":"https:\/\/www.compupartner.dk\/#website"},"primaryImageOfPage":{"@id":"https:\/\/www.compupartner.dk\/compu-golf\/flexbox\/#primaryimage"},"image":{"@id":"https:\/\/www.compupartner.dk\/compu-golf\/flexbox\/#primaryimage"},"thumbnailUrl":"https:\/\/www.compupartner.dk\/wp-content\/uploads\/2025\/11\/slider-golf.jpg","datePublished":"2026-01-01T14:57:16+00:00","dateModified":"2026-01-08T12:05:57+00:00","breadcrumb":{"@id":"https:\/\/www.compupartner.dk\/compu-golf\/flexbox\/#breadcrumb"},"inLanguage":"nb-NO","potentialAction":[{"@type":"ReadAction","target":["https:\/\/www.compupartner.dk\/compu-golf\/flexbox\/"]}]},{"@type":"ImageObject","inLanguage":"nb-NO","@id":"https:\/\/www.compupartner.dk\/compu-golf\/flexbox\/#primaryimage","url":"https:\/\/www.compupartner.dk\/wp-content\/uploads\/2025\/11\/slider-golf.jpg","contentUrl":"https:\/\/www.compupartner.dk\/wp-content\/uploads\/2025\/11\/slider-golf.jpg","width":1200,"height":600},{"@type":"BreadcrumbList","@id":"https:\/\/www.compupartner.dk\/compu-golf\/flexbox\/#breadcrumb","itemListElement":[{"@type":"ListItem","position":1,"name":"Hjem","item":"https:\/\/www.compupartner.dk\/"},{"@type":"ListItem","position":2,"name":"Compu Golf","item":"https:\/\/www.compupartner.dk\/compu-golf\/"},{"@type":"ListItem","position":3,"name":"Flexbox"}]},{"@type":"WebSite","@id":"https:\/\/www.compupartner.dk\/#website","url":"https:\/\/www.compupartner.dk\/","name":"Compu Partner","description":"Betalingsl\u00f8sninger for mennesker","publisher":{"@id":"https:\/\/www.compupartner.dk\/#organization"},"potentialAction":[{"@type":"SearchAction","target":{"@type":"EntryPoint","urlTemplate":"https:\/\/www.compupartner.dk\/?s={search_term_string}"},"query-input":{"@type":"PropertyValueSpecification","valueRequired":true,"valueName":"search_term_string"}}],"inLanguage":"nb-NO"},{"@type":"Organization","@id":"https:\/\/www.compupartner.dk\/#organization","name":"Compu Partner ApS","url":"https:\/\/www.compupartner.dk\/","logo":{"@type":"ImageObject","inLanguage":"nb-NO","@id":"https:\/\/www.compupartner.dk\/#\/schema\/logo\/image\/","url":"https:\/\/www.compupartner.dk\/wp-content\/uploads\/2026\/03\/CP_b_on_white_large.jpg","contentUrl":"https:\/\/www.compupartner.dk\/wp-content\/uploads\/2026\/03\/CP_b_on_white_large.jpg","width":2422,"height":349,"caption":"Compu Partner ApS"},"image":{"@id":"https:\/\/www.compupartner.dk\/#\/schema\/logo\/image\/"},"sameAs":["https:\/\/www.facebook.com\/profile.php?id=100094090601309","https:\/\/www.linkedin.com\/company\/compu-partner"]}]}},"_links":{"self":[{"href":"https:\/\/www.compupartner.dk\/nb\/wp-json\/wp\/v2\/pages\/4678","targetHints":{"allow":["GET"]}}],"collection":[{"href":"https:\/\/www.compupartner.dk\/nb\/wp-json\/wp\/v2\/pages"}],"about":[{"href":"https:\/\/www.compupartner.dk\/nb\/wp-json\/wp\/v2\/types\/page"}],"author":[{"embeddable":true,"href":"https:\/\/www.compupartner.dk\/nb\/wp-json\/wp\/v2\/users\/2"}],"replies":[{"embeddable":true,"href":"https:\/\/www.compupartner.dk\/nb\/wp-json\/wp\/v2\/comments?post=4678"}],"version-history":[{"count":19,"href":"https:\/\/www.compupartner.dk\/nb\/wp-json\/wp\/v2\/pages\/4678\/revisions"}],"predecessor-version":[{"id":4704,"href":"https:\/\/www.compupartner.dk\/nb\/wp-json\/wp\/v2\/pages\/4678\/revisions\/4704"}],"up":[{"embeddable":true,"href":"https:\/\/www.compupartner.dk\/nb\/wp-json\/wp\/v2\/pages\/3635"}],"wp:featuredmedia":[{"embeddable":true,"href":"https:\/\/www.compupartner.dk\/nb\/wp-json\/wp\/v2\/media\/3759"}],"wp:attachment":[{"href":"https:\/\/www.compupartner.dk\/nb\/wp-json\/wp\/v2\/media?parent=4678"}],"curies":[{"name":"wp","href":"https:\/\/api.w.org\/{rel}","templated":true}]}}