{"id":4110,"date":"2025-12-17T07:55:48","date_gmt":"2025-12-17T06:55:48","guid":{"rendered":"https:\/\/www.compupartner.dk\/?page_id=4110"},"modified":"2026-03-27T12:49:18","modified_gmt":"2026-03-27T11:49:18","slug":"app-villkor","status":"publish","type":"page","link":"https:\/\/www.compupartner.dk\/sv\/app-terms-conditions\/","title":{"rendered":"App Villkor"},"content":{"rendered":"<div class=\"wpb-content-wrapper\"><div class=\"vc_row wpb_row vc_row-fluid vc_custom_1770907169030\"><div class=\"wpb_column vc_column_container vc_col-sm-12\"><div class=\"vc_column-inner\"><div class=\"wpb_wrapper\"><div id=\"ultimate-heading-670069f3e49c1b633\" class=\"uvc-heading ult-adjust-bottom-margin ultimate-heading-670069f3e49c1b633 uvc-8443\" data-hspacer=\"no_spacer\"  data-halign=\"left\" style=\"text-align:left\"><div class=\"uvc-heading-spacer no_spacer\" style=\"top\"><\/div><div class=\"uvc-main-heading ult-responsive\"  data-ultimate-target='.uvc-heading.ultimate-heading-670069f3e49c1b633 h2'  data-responsive-json-new='{\"font-size\":\"desktop:30px;\",\"line-height\":\"\"}' ><h2 style=\"font-family:&#039;Bebas Neue&#039;;--font-weight:theme;color:#000000;\">Villkor och best\u00e4mmelser hos Compu Partner ApS<\/h2><\/div><\/div>\n\t<div class=\"wpb_text_column wpb_content_element\" >\n\t\t<div class=\"wpb_wrapper\">\n\t\t\t<h2><\/h2>\n<h2><b>Anv\u00e4ndarvillkor f\u00f6r Compu Golf app<\/b><\/h2>\n<h3><b>1. Allm\u00e4n information<\/b><\/h3>\n<p class=\"p3\">Dessa villkor g\u00e4ller f\u00f6r k\u00f6p i appen <i>Compu Golf<\/i>, som \u00e4gs och drivs av:<\/p>\n<p class=\"p4\"><b>Compu Partner ApS<br \/>\n<\/b><b><\/b>Karetmagervej 25A<br \/>\n7000 Fredericia,<br \/>\nDanmark<\/p>\n<p class=\"p3\">CVR: 44253925<br \/>\nTelefon: 45 54 66 36<br \/>\nE-post: info@compupartner.dk<\/p>\n<p>&nbsp;<\/p>\n<hr \/>\n<h3><\/h3>\n<h3><b>2. Priser<\/b><\/h3>\n<p class=\"p3\">Alla priser visas i lokal valuta och \u00e4r inkl. moms och avgifter.<\/p>\n<p class=\"p3\">Vi kan \u00e4ndra priser och produkter utan f\u00f6rvarning.<\/p>\n<p class=\"p3\">Vi reserverar oss f\u00f6r sluts\u00e5lda varor och eventuella prisfel.<\/p>\n<p>&nbsp;<\/p>\n<hr \/>\n<h3><\/h3>\n<h3><b>3. Plattform och ansvar<\/b><\/h3>\n<p class=\"p3\">Compu Partner ApS levererar den tekniska plattformen (Compu Golf-appen).<\/p>\n<p class=\"p3\">De enskilda golfklubbarna och driving ranges \u00e4r s\u00e4ljare av produkterna i appen.<\/p>\n<p class=\"p3\">Dessa villkor g\u00e4ller oavsett vilken klubb du handlar hos.<\/p>\n<p class=\"p3\">Du kan hitta klubbens kontaktuppgifter i appen under:<\/p>\n<p class=\"p4\"><b>Hem \u2192 Klubbinformation<\/b><b><\/b><\/p>\n<p>&nbsp;<\/p>\n<hr \/>\n<h3><\/h3>\n<h3><b>4. Betalning<\/b><\/h3>\n<p class=\"p3\">Ni kan betala med:<\/p>\n<ul>\n<li>\n<p class=\"p1\">Bankkort<\/p>\n<\/li>\n<li>\n<p class=\"p1\">VISA \/ VISA Electron<\/p>\n<\/li>\n<li>\n<p class=\"p1\">Mastercard<\/p>\n<\/li>\n<li>\n<p class=\"p1\">EU-kort<\/p>\n<\/li>\n<li>\n<p class=\"p1\">Vipps<\/p>\n<\/li>\n<li>\n<p class=\"p1\">Swish (SE)<\/p>\n<\/li>\n<li>\n<p class=\"p1\">MobilePay<\/p>\n<\/li>\n<\/ul>\n<p class=\"p3\">Tillg\u00e4ngliga betalningsmetoder kan variera fr\u00e5n land till land<\/p>\n<p class=\"p3\">Betalningen sker direkt till den valda golfklubben eller driving range.<\/p>\n<p class=\"p3\">Beloppet dras omedelbart, och produkten levereras direkt digitalt.<\/p>\n<p class=\"p3\">Alla priser \u00e4r i lokal valuta och inklusive moms.<\/p>\n<p class=\"p3\">Vi reserverar oss f\u00f6r prisfel och utg\u00e5ngna varor.<\/p>\n<p>&nbsp;<\/p>\n<hr \/>\n<h3><\/h3>\n<h3><b>5. Leverans<\/b><\/h3>\n<p class=\"p3\">Alla produkter levereras digitalt omedelbart efter betalning.<\/p>\n<p>&nbsp;<\/p>\n<hr \/>\n<h3><\/h3>\n<h3><b>6. Reklamation<\/b><\/h3>\n<p class=\"p3\">Ditt k\u00f6p omfattas av k\u00f6plagen.<\/p>\n<p class=\"p3\">Det betyder, att du \u2013 beroende p\u00e5 situationen \u2013 kan f\u00e5:<\/p>\n<ul>\n<li>\n<p class=\"p1\">reparation<\/p>\n<\/li>\n<li>\n<p class=\"p1\">ombyte<\/p>\n<\/li>\n<li>\n<p class=\"p1\">pengarna tillbaka<\/p>\n<\/li>\n<li>\n<p class=\"p1\">prisavdrag<\/p>\n<\/li>\n<\/ul>\n<p class=\"p3\">Det kr\u00e4ver att felen inte beror p\u00e5 felaktig anv\u00e4ndning.<\/p>\n<p class=\"p4\"><b>S\u00e5dan g\u00f6r du:<\/b><b><\/b><\/p>\n<ol start=\"1\">\n<li>\n<p class=\"p1\">Kontakta f\u00f6rst golfklubben d\u00e4r du k\u00f6pte produkten<\/p>\n<\/li>\n<li>\n<p class=\"p1\">Om det inte l\u00f6ser problemet, kan du kontakta:<\/p>\n<\/li>\n<\/ol>\n<p class=\"p3\">Compu Partner ApS<\/p>\n<p class=\"p3\">Telefon: 45 54 66 36<\/p>\n<p class=\"p3\">E-post: info@compupartner.dk<\/p>\n<p>&nbsp;<\/p>\n<hr \/>\n<h3><\/h3>\n<h3><b>7. \u00c5terbetalning<\/b><\/h3>\n<p class=\"p3\">Vid \u00e5terbetalning ska du ange klubbens registreringsnummer och kontonummer.<\/p>\n<p class=\"p3\">Denna information kan s\u00e4kert skickas elektroniskt och anv\u00e4nds endast f\u00f6r utbetalningen.<\/p>\n<p>&nbsp;<\/p>\n<hr \/>\n<h3><\/h3>\n<h3><b>8. \u00c5ngerr\u00e4tt<\/b><\/h3>\n<p class=\"p3\">Du har 14 dagars \u00e5ngerr\u00e4tt p\u00e5 k\u00f6p i appen.<\/p>\n<p class=\"p4\"><b>M\u00e4rk:<\/b><b><\/b><\/p>\n<p class=\"p3\">Digitala produkter som tas i bruk undantas normalt fr\u00e5n \u00e5ngerr\u00e4tten enligt k\u00f6plagen.<\/p>\n<p class=\"p3\">Om produkten inte motsvarar dina f\u00f6rv\u00e4ntningar, v\u00e4nligen kontakta oss.<\/p>\n<p class=\"p3\">Fristen r\u00e4knas fr\u00e5n den dag du mottar produkten.<\/p>\n<p class=\"p4\"><b>Hur \u00e5ngrar du dig:<\/b><b><\/b><\/p>\n<ul>\n<li>\n<p class=\"p1\">Kontakta golfklubben eller skriv till info@compupartner.dk<\/p>\n<\/li>\n<li>\n<p class=\"p1\">Senast 14 dagar efter k\u00f6pet<\/p>\n<\/li>\n<li>\n<p class=\"p1\">Ange tydligt att du vill h\u00e4va k\u00f6pet<\/p>\n<\/li>\n<\/ul>\n<p>&nbsp;<\/p>\n<hr \/>\n<h3><\/h3>\n<h3><b>9. Undantag fr\u00e5n \u00e5ngerr\u00e4tten<\/b><\/h3>\n<p class=\"p3\">F\u00f6ljande kan inte \u00e5ngras:<\/p>\n<ul>\n<li>\n<p class=\"p1\">Gratis produkter (t.ex. kampanjer, t\u00e4vlingar, sponsoravtal)<\/p>\n<\/li>\n<\/ul>\n<p>&nbsp;<\/p>\n<hr \/>\n<h3><\/h3>\n<h3><b>10. \u00c5terl\u00e4mning<\/b><\/h3>\n<p class=\"p3\">Det finns ingen fysisk retur, eftersom alla produkter \u00e4r digitala.<\/p>\n<p>&nbsp;<\/p>\n<hr \/>\n<h3><\/h3>\n<h3><b>11. Produktens skick<\/b><\/h3>\n<p class=\"p3\">Produkten f\u00e5r inte ha tagits i bruk helt eller delvis.<\/p>\n<p>&nbsp;<\/p>\n<hr \/>\n<h3><\/h3>\n<h3><b>12. \u00c5terbetalning<\/b><\/h3>\n<p class=\"p3\">Vid godk\u00e4nt \u00e5ngerk\u00f6p \u00e5terbetalas hela beloppet.<\/p>\n<p class=\"p3\">Gratisprodukter kan inte betalas ut.<\/p>\n<p class=\"p3\">\u00c5terbetalning sker:<\/p>\n<ul>\n<li>\n<p class=\"p1\">enligt \u00f6verenskommelse med golfklubben, eller<\/p>\n<\/li>\n<li>\n<p class=\"p1\">via Compu Partner ApS (bank\u00f6verf\u00f6ring)<\/p>\n<\/li>\n<\/ul>\n<p>&nbsp;<\/p>\n<hr \/>\n<h3><\/h3>\n<h3><b>13. R\u00e4ttigheter<\/b><\/h3>\n<p class=\"p3\">Alla r\u00e4ttigheter till digitala produkter, evenemang, kurser m.m. tillh\u00f6r Compu Partner ApS.<\/p>\n<p class=\"p3\">Vid k\u00f6p f\u00e5r du en personlig licens f\u00f6r att anv\u00e4nda produkten.<\/p>\n<p class=\"p3\">Det \u00e4r inte till\u00e5tet att:<\/p>\n<ul>\n<li>\n<p class=\"p1\">vidaref\u00f6rs\u00e4lja<\/p>\n<\/li>\n<li>\n<p class=\"p1\">dela<\/p>\n<\/li>\n<li>\n<p class=\"p1\">l\u00e5na ut<\/p>\n<\/li>\n<li>\n<p class=\"p1\">distribuera produkten<\/p>\n<\/li>\n<\/ul>\n<p class=\"p3\">(g\u00e4ller b\u00e5de privat och kommersiellt)<\/p>\n<p>&nbsp;<\/p>\n<hr \/>\n<h3><\/h3>\n<h3><b>14. Lagstiftning<\/b><\/h3>\n<p class=\"p3\">Alla avtal omfattas av dansk lag.<\/p>\n<p>&nbsp;<\/p>\n<hr \/>\n<h3><\/h3>\n<h3><b>15. Personuppgifter<\/b><\/h3>\n<p class=\"p3\">F\u00f6r att genomf\u00f6ra ett k\u00f6p beh\u00f6ver vi:<\/p>\n<ul>\n<li>\n<p class=\"p1\">Namn<\/p>\n<\/li>\n<li>\n<p class=\"p1\">Adress<\/p>\n<\/li>\n<li>\n<p class=\"p1\">Telefonnummer<\/p>\n<\/li>\n<li>\n<p class=\"p1\">E-post<\/p>\n<\/li>\n<li>\n<p class=\"p1\">Information om ditt k\u00f6p<\/p>\n<\/li>\n<\/ul>\n<p class=\"p3\">Vi anv\u00e4nder informationen f\u00f6r:<\/p>\n<ul>\n<li>\n<p class=\"p1\">leverans av produkten<\/p>\n<\/li>\n<li>\n<p class=\"p1\">kundtj\u00e4nst<\/p>\n<\/li>\n<\/ul>\n<p class=\"p3\">Dina data behandlas i enlighet med v\u00e5r integritetspolicy.<\/p>\n<p class=\"p3\">Vi delar bara information med tredje parter om det \u00e4r n\u00f6dv\u00e4ndigt f\u00f6r att slutf\u00f6ra k\u00f6pet.<\/p>\n<p>&nbsp;<\/p>\n<hr \/>\n<h3><\/h3>\n<h3><b>16. Klagom\u00e5l<\/b><\/h3>\n<p class=\"p3\">Du kan klaga till:<\/p>\n<p class=\"p4\"><b>Konkurrens- och konsumentverket<\/b><b><\/b><\/p>\n<p class=\"p3\">Carl Jacobsens Vej 35<\/p>\n<p class=\"p3\">2500 Valby<\/p>\n<p class=\"p3\">www.f\u00f6rbrukning.dk<\/p>\n<p class=\"p3\">Du kan klaga upp till 2 \u00e5r efter k\u00f6pet.<\/p>\n<p class=\"p3\">Om du bor i ett annat EU-land kan du ocks\u00e5 anv\u00e4nda EU:s klagoplattform:<\/p>\n<p class=\"p3\">https:\/\/ec.europa.eu\/consumers\/odr<\/p>\n<p class=\"p3\">E-post: info@compupartner.dk<\/p>\n\n\t\t<\/div>\n\t<\/div>\n<\/div><\/div><\/div><\/div>\n<\/div>","protected":false},"excerpt":{"rendered":"<p>Handelsbetingelser hos Compu Partner ApS Betingelser for brug af Compu Golf app 1. Generelle oplysninger Disse betingelser g\u00e6lder for k\u00f8b i appen Compu Golf, som ejes og drives af: Compu Partner ApS Karetmagervej 25A 7000 Fredericia, Danmark CVR: 44253925 Telefon: 45 54 66 36 E-mail: info@compupartner.dk &nbsp; 2. Priser Alle priser vises i lokal valuta&hellip;<\/p>","protected":false},"author":2,"featured_media":0,"parent":0,"menu_order":0,"comment_status":"closed","ping_status":"closed","template":"","meta":{"footnotes":""},"class_list":["post-4110","page","type-page","status-publish","hentry","description-off"],"yoast_head":"<!-- This site is optimized with the Yoast SEO plugin v27.5 - https:\/\/yoast.com\/product\/yoast-seo-wordpress\/ -->\n<title>App Terms &amp; Conditions - Compu Partner<\/title>\n<meta name=\"robots\" content=\"index, follow, max-snippet:-1, max-image-preview:large, max-video-preview:-1\" \/>\n<link rel=\"canonical\" href=\"https:\/\/www.compupartner.dk\/sv\/app-villkor\/\" \/>\n<meta property=\"og:locale\" content=\"sv_SE\" \/>\n<meta property=\"og:type\" content=\"article\" \/>\n<meta property=\"og:title\" content=\"App Terms &amp; Conditions - Compu Partner\" \/>\n<meta property=\"og:url\" content=\"https:\/\/www.compupartner.dk\/sv\/app-villkor\/\" \/>\n<meta property=\"og:site_name\" content=\"Compu Partner\" \/>\n<meta property=\"article:publisher\" content=\"https:\/\/www.facebook.com\/profile.php?id=100094090601309\" \/>\n<meta property=\"article:modified_time\" content=\"2026-03-27T11:49:18+00:00\" \/>\n<meta name=\"twitter:card\" content=\"summary_large_image\" \/>\n<meta name=\"twitter:label1\" content=\"Ber\u00e4knad l\u00e4stid\" \/>\n\t<meta name=\"twitter:data1\" content=\"4 minuter\" \/>\n<script type=\"application\/ld+json\" class=\"yoast-schema-graph\">{\"@context\":\"https:\\\/\\\/schema.org\",\"@graph\":[{\"@type\":\"WebPage\",\"@id\":\"https:\\\/\\\/compupartner.co.uk\\\/app-terms-conditions\\\/\",\"url\":\"https:\\\/\\\/compupartner.co.uk\\\/app-terms-conditions\\\/\",\"name\":\"App Terms & Conditions - Compu Partner\",\"isPartOf\":{\"@id\":\"https:\\\/\\\/www.compupartner.dk\\\/#website\"},\"datePublished\":\"2025-12-17T06:55:48+00:00\",\"dateModified\":\"2026-03-27T11:49:18+00:00\",\"breadcrumb\":{\"@id\":\"https:\\\/\\\/compupartner.co.uk\\\/app-terms-conditions\\\/#breadcrumb\"},\"inLanguage\":\"sv-SE\",\"potentialAction\":[{\"@type\":\"ReadAction\",\"target\":[\"https:\\\/\\\/compupartner.co.uk\\\/app-terms-conditions\\\/\"]}]},{\"@type\":\"BreadcrumbList\",\"@id\":\"https:\\\/\\\/compupartner.co.uk\\\/app-terms-conditions\\\/#breadcrumb\",\"itemListElement\":[{\"@type\":\"ListItem\",\"position\":1,\"name\":\"Hjem\",\"item\":\"https:\\\/\\\/compupartner.co.uk\\\/\"},{\"@type\":\"ListItem\",\"position\":2,\"name\":\"App Terms &#038; Conditions\"}]},{\"@type\":\"WebSite\",\"@id\":\"https:\\\/\\\/www.compupartner.dk\\\/#website\",\"url\":\"https:\\\/\\\/www.compupartner.dk\\\/\",\"name\":\"Compu Partner\",\"description\":\"Payment Solutions for humans\",\"publisher\":{\"@id\":\"https:\\\/\\\/www.compupartner.dk\\\/#organization\"},\"potentialAction\":[{\"@type\":\"SearchAction\",\"target\":{\"@type\":\"EntryPoint\",\"urlTemplate\":\"https:\\\/\\\/www.compupartner.dk\\\/?s={search_term_string}\"},\"query-input\":{\"@type\":\"PropertyValueSpecification\",\"valueRequired\":true,\"valueName\":\"search_term_string\"}}],\"inLanguage\":\"sv-SE\"},{\"@type\":\"Organization\",\"@id\":\"https:\\\/\\\/www.compupartner.dk\\\/#organization\",\"name\":\"Compu Partner ApS\",\"url\":\"https:\\\/\\\/www.compupartner.dk\\\/\",\"logo\":{\"@type\":\"ImageObject\",\"inLanguage\":\"sv-SE\",\"@id\":\"https:\\\/\\\/www.compupartner.dk\\\/#\\\/schema\\\/logo\\\/image\\\/\",\"url\":\"https:\\\/\\\/www.compupartner.dk\\\/wp-content\\\/uploads\\\/2026\\\/03\\\/CP_b_on_white_large.jpg\",\"contentUrl\":\"https:\\\/\\\/www.compupartner.dk\\\/wp-content\\\/uploads\\\/2026\\\/03\\\/CP_b_on_white_large.jpg\",\"width\":2422,\"height\":349,\"caption\":\"Compu Partner ApS\"},\"image\":{\"@id\":\"https:\\\/\\\/www.compupartner.dk\\\/#\\\/schema\\\/logo\\\/image\\\/\"},\"sameAs\":[\"https:\\\/\\\/www.facebook.com\\\/profile.php?id=100094090601309\",\"https:\\\/\\\/www.linkedin.com\\\/company\\\/compu-partner\"]}]}<\/script>\n<!-- \/ Yoast SEO plugin. -->","yoast_head_json":{"title":"App villkor &amp; best\u00e4mmelser - Compu Partner","robots":{"index":"index","follow":"follow","max-snippet":"max-snippet:-1","max-image-preview":"max-image-preview:large","max-video-preview":"max-video-preview:-1"},"canonical":"https:\/\/www.compupartner.dk\/sv\/app-villkor\/","og_locale":"sv_SE","og_type":"article","og_title":"App Terms & Conditions - Compu Partner","og_url":"https:\/\/www.compupartner.dk\/sv\/app-villkor\/","og_site_name":"Compu Partner","article_publisher":"https:\/\/www.facebook.com\/profile.php?id=100094090601309","article_modified_time":"2026-03-27T11:49:18+00:00","twitter_card":"summary_large_image","twitter_misc":{"Ber\u00e4knad l\u00e4stid":"4 minuter"},"schema":{"@context":"https:\/\/schema.org","@graph":[{"@type":"WebPage","@id":"https:\/\/compupartner.co.uk\/app-terms-conditions\/","url":"https:\/\/compupartner.co.uk\/app-terms-conditions\/","name":"App villkor &amp; best\u00e4mmelser - Compu Partner","isPartOf":{"@id":"https:\/\/www.compupartner.dk\/#website"},"datePublished":"2025-12-17T06:55:48+00:00","dateModified":"2026-03-27T11:49:18+00:00","breadcrumb":{"@id":"https:\/\/compupartner.co.uk\/app-terms-conditions\/#breadcrumb"},"inLanguage":"sv-SE","potentialAction":[{"@type":"ReadAction","target":["https:\/\/compupartner.co.uk\/app-terms-conditions\/"]}]},{"@type":"BreadcrumbList","@id":"https:\/\/compupartner.co.uk\/app-terms-conditions\/#breadcrumb","itemListElement":[{"@type":"ListItem","position":1,"name":"Hjem","item":"https:\/\/compupartner.co.uk\/"},{"@type":"ListItem","position":2,"name":"App Terms &#038; Conditions"}]},{"@type":"WebSite","@id":"https:\/\/www.compupartner.dk\/#website","url":"https:\/\/www.compupartner.dk\/","name":"Compu Partner","description":"Betalningsl\u00f6sningar f\u00f6r m\u00e4nniskor","publisher":{"@id":"https:\/\/www.compupartner.dk\/#organization"},"potentialAction":[{"@type":"SearchAction","target":{"@type":"EntryPoint","urlTemplate":"https:\/\/www.compupartner.dk\/?s={search_term_string}"},"query-input":{"@type":"PropertyValueSpecification","valueRequired":true,"valueName":"search_term_string"}}],"inLanguage":"sv-SE"},{"@type":"Organization","@id":"https:\/\/www.compupartner.dk\/#organization","name":"Compu Partner ApS","url":"https:\/\/www.compupartner.dk\/","logo":{"@type":"ImageObject","inLanguage":"sv-SE","@id":"https:\/\/www.compupartner.dk\/#\/schema\/logo\/image\/","url":"https:\/\/www.compupartner.dk\/wp-content\/uploads\/2026\/03\/CP_b_on_white_large.jpg","contentUrl":"https:\/\/www.compupartner.dk\/wp-content\/uploads\/2026\/03\/CP_b_on_white_large.jpg","width":2422,"height":349,"caption":"Compu Partner ApS"},"image":{"@id":"https:\/\/www.compupartner.dk\/#\/schema\/logo\/image\/"},"sameAs":["https:\/\/www.facebook.com\/profile.php?id=100094090601309","https:\/\/www.linkedin.com\/company\/compu-partner"]}]}},"_links":{"self":[{"href":"https:\/\/www.compupartner.dk\/sv\/wp-json\/wp\/v2\/pages\/4110","targetHints":{"allow":["GET"]}}],"collection":[{"href":"https:\/\/www.compupartner.dk\/sv\/wp-json\/wp\/v2\/pages"}],"about":[{"href":"https:\/\/www.compupartner.dk\/sv\/wp-json\/wp\/v2\/types\/page"}],"author":[{"embeddable":true,"href":"https:\/\/www.compupartner.dk\/sv\/wp-json\/wp\/v2\/users\/2"}],"replies":[{"embeddable":true,"href":"https:\/\/www.compupartner.dk\/sv\/wp-json\/wp\/v2\/comments?post=4110"}],"version-history":[{"count":17,"href":"https:\/\/www.compupartner.dk\/sv\/wp-json\/wp\/v2\/pages\/4110\/revisions"}],"predecessor-version":[{"id":4984,"href":"https:\/\/www.compupartner.dk\/sv\/wp-json\/wp\/v2\/pages\/4110\/revisions\/4984"}],"wp:attachment":[{"href":"https:\/\/www.compupartner.dk\/sv\/wp-json\/wp\/v2\/media?parent=4110"}],"curies":[{"name":"wp","href":"https:\/\/api.w.org\/{rel}","templated":true}]}}