{"id":4129,"date":"2025-12-17T10:12:51","date_gmt":"2025-12-17T09:12:51","guid":{"rendered":"https:\/\/www.compupartner.dk\/?page_id=4129"},"modified":"2025-12-17T10:16:02","modified_gmt":"2025-12-17T09:16:02","slug":"persondatapolitik","status":"publish","type":"page","link":"https:\/\/www.compupartner.dk\/sv\/persondatapolitik\/","title":{"rendered":"Integritetspolicy"},"content":{"rendered":"<div class=\"wpb-content-wrapper\"><div class=\"vc_row wpb_row vc_row-fluid vc_custom_1575390546273 vc_row-o-content-middle vc_row-flex\"><div class=\"wpb_column vc_column_container vc_col-sm-12\"><div class=\"vc_column-inner\"><div class=\"wpb_wrapper\"><div class=\"vc_row wpb_row vc_inner vc_row-fluid vc_row-o-equal-height vc_row-o-content-middle vc_row-flex\"><div class=\"wpb_column vc_column_container vc_col-sm-12\"><div class=\"vc_column-inner vc_custom_1765962660453\"><div class=\"wpb_wrapper\">\n\t<div class=\"wpb_text_column wpb_content_element \" >\n\t\t<div class=\"wpb_wrapper\">\n\t\t\t<h2>Dataansvarlig<\/h2>\n<p>Vi er dataansvarlig for behandlingen af de personoplysninger, som vi behandler om vores kunder og samarbejdspartnere. Du finder vores kontaktoplysninger nedenfor.<\/p>\n<p>Compu Partner ApS<br \/>\nKaretmagervej 25A<br \/>\n7000 Fredericia<br \/>\nDanmark<\/p>\n<p>CVR-nr.: 44253925<\/p>\n<p>Det er ikke et krav, at vores virksomhed har en ekstern DPO, men hvis du har sp\u00f8rgsm\u00e5l til behandlingen af dine personoplysninger, s\u00e5 kan du kontakte os via info@compupartner.dk<\/p>\n<h2>Behandlingsaktiviteter<\/h2>\n<p>Som dataansvarlig jf. GDPR, s\u00e5 har vi f\u00f8lgende behandlingsaktiviteter.<\/p>\n<h4>Bes\u00f8g p\u00e5 hjemmeside<\/h4>\n<p>N\u00e5r du bes\u00f8ger vores hjemmeside og app, s\u00e5 anvender vi cookies for at hjemmesiden og appen kan fungere, hvilket du kan l\u00e6se mere om i vores <span style=\"color: #3366ff;\"><a style=\"color: #3366ff;\" href=\"https:\/\/compupartner.dk\/cookie-policy-eu\/\">cookiepolitik<\/a><\/span>.<\/p>\n<h4>Kommunikation med potentielle kunder<\/h4>\n<p>N\u00e5r du har sp\u00f8rgsm\u00e5l til vores side, eller \u00f8nsker at h\u00f8re mere om vores services, s\u00e5 kan du kontakte os via:<\/p>\n<ol>\n<li style=\"list-style-type: none;\">\n<ol>\n<li>Kontaktformular<\/li>\n<li>Email<\/li>\n<li>Telefon<\/li>\n<li>Messenger<\/li>\n<li>Whatsapp<\/li>\n<\/ol>\n<\/li>\n<\/ol>\n<p>Herigennem vil vi behandle dine personoplysninger, s\u00e5 vi kan indg\u00e5 i en dialog med dig fx svare p\u00e5 sp\u00f8rgsm\u00e5l om vores ydelser. Vi behandler kun den information, som du giver os i forbindelse med vores kommunikation.<\/p>\n<p>Vi vil typisk behandle f\u00f8lgende almindelige oplysninger: navn, email, telefonnummer.<\/p>\n<p>Vores hjemmel til at behandle disse personoplysninger er databeskyttelsesforordningens artikel 6, stk. 1 litra f. Vi sletter vores kommunikation med dig n\u00e5r det st\u00e5r klart om du \u00f8nsker vores ydelser eller ej. Skulle der i et s\u00e6rligt tilf\u00e6lde opst\u00e5 et behov for at opbevare dine personoplysninger i l\u00e6ngere tid, s\u00e5 vil dette kunne v\u00e6re tilf\u00e6ldet.<\/p>\n<h4>Kunder<\/h4>\n<p>Vi har behov for at kommunikere med vores kunder, s\u00e5 vi sikrer os, at ydelsen leveres korrekt. Herigennem kan vi behandle oplysninger om navn, adresse, ydelser, s\u00e6rlige aftaler, betalingsinformationer og lignende. Hjemlen til at behandle disse personoplysninger er databeskyttelsesforordningens artikel 6, stk. 1 litra b. N\u00e5r ydelsen er leveret og eventuelle udest\u00e5ende er afsluttede, s\u00e5 vil vi umiddelbart herefter slette personoplysningerne.<\/p>\n<h4>Nyhedsbrev<\/h4>\n<p>Vi har et nyhedsbrev, som det er frivilligt at tilmelde sig \u2013 og du kan altid framelde dig dette igen. Form\u00e5let med nyhedsbrevet er at sende de tilmeldte mails med ny information fra virksomheden, som kan omhandle nyt indhold p\u00e5 hjemmesiden, annoncering af vores ydelser.<\/p>\n<p>Vi vil kun sende dig mails, hvis du har givet dit aktive samtykke til dette. Det kr\u00e6ver i f\u00f8rste omgang, at du angiver din mailadresse, som vi efterf\u00f8lgende sender en mail til, s\u00e5ledes at du kan bekr\u00e6fte tilmeldingen. P\u00e5 denne m\u00e5de, s\u00e5 sikrer vi, at du rent faktisk selv har tilmeldt dig nyhedsbrevet dvs. afgivet aktivt samtykke.<\/p>\n<p>Vores hjemmel til at behandle dine personoplysninger (dvs. mailadressen) i forbindelse med nyhedsbrevet vil v\u00e6re databeskyttelsesforordningens artikel 6, stk. 1 litra a.<\/p>\n<p>Vi vil behandle dine personoplysninger, s\u00e5 l\u00e6nge at du stadig er tilmeldt nyhedsbrevet. Ved afmeldelse af nyhedsbrevet, s\u00e5 stopper vi ogs\u00e5 med at sende dette til dig. Har vi ikke sendt dig et nyhedsbrev i 1 \u00e5r, s\u00e5 bortfalder dit samtykke som f\u00f8lge af vores passivitet.<\/p>\n<p>Ved framelding af nyhedsbrevet, s\u00e5 gemmer vi dit nu tidligere samtykke i 2 \u00e5r efter, at det senest er anvendt pga. for\u00e6ldelseskrav jf. Forbrugerombudsmandens spamvejledning afsnit 11.3.<\/p>\n<h4>Bogf\u00f8ring<\/h4>\n<p>Vi skal gemme alle regnskabsbilag jf. bogf\u00f8ringsloven. Det betyder, at vi gemmer fakturaer og lignende bilag til brug for regnskabsf\u00f8ring. Heraf kan der fremg\u00e5 almindelige personoplysninger som navn, adresse, ydelsesbeskrivelse. Vores hjemmel til at behandle personoplysninger til bogf\u00f8ringen er databeskyttelsesforordningens artikel 6, stk.1 litra.<\/p>\n<p>Vi opbevarer disse oplysninger i minimum 5 \u00e5r efter at indev\u00e6rende regnskabs\u00e5r er afsluttet.<\/p>\n<h4>Jobans\u00f8gninger<\/h4>\n<p>Vi tager gl\u00e6deligt imod jobans\u00f8gninger med henblik p\u00e5 at vurdere om de matcher et ans\u00e6ttelsesbehov i vores virksomhed. Hvis du sender din jobans\u00f8gning til os, s\u00e5 er vores hjemmel til at behandle dine personoplysninger databeskyttelsesforordningens artikel 6, stk. 1 litra f.<\/p>\n<p>Hvis du har sendt en uopfordret ans\u00f8gning, s\u00e5 vil HR med det samme vurdere om din ans\u00f8gning er relevant, og herefter slette dine oplysninger igen, hvis der ikke er et match.<\/p>\n<p>Hvis du har sendt en ans\u00f8gning til et opsl\u00e5et job, s\u00e5 vil vi bortskaffe din ans\u00f8gning i det tilf\u00e6lde, at du ikke ans\u00e6ttes, og umiddelbart efter at den rette kandidat er fundet til jobbet.<\/p>\n<p>Hvis du indg\u00e5r i et rekrutteringsforl\u00f8b og\/ellerans\u00e6ttes til jobbet, s\u00e5 vil vi give dig s\u00e6rskilt information om hvordan, at vi behandler dine personoplysninger i denne forbindelse.<\/p>\n<h4>Behandling af billedlegitimation (pas eller ID-kort)<\/h4>\n<p>I forbindelse med oprettelse af en betalingsaftale for din virksomhed indsamler Compu Partner ApS visse personoplysninger, herunder billedlegitimation (pas eller nationalt ID-kort).<\/p>\n<p><strong>Form\u00e5l<\/strong><\/p>\n<p>Form\u00e5let med indsamlingen er at muligg\u00f8re oprettelse af en betalingsaftale hos den valgte betalingsindl\u00f8ser (Verifone eller DanPay) og at opfylde disse indl\u00f8seres krav om kundekendskab (KYC) i henhold til hvidvaskloven.<br \/>\nCompu Partner fungerer som formidler og databehandler i denne proces og foretager ikke selv kreditvurdering eller lovpligtig kundekontrol.<\/p>\n<p><strong>Typer af oplysninger<\/strong><\/p>\n<p>Vi indsamler og behandler f\u00f8lgende oplysninger:<br \/>\n\u2022 Navn, adresse og kontaktoplysninger<br \/>\n\u2022 Oplysninger om virksomhedens juridiske ejer og tegningsberettigede<br \/>\n\u2022 Kopi eller foto af gyldig billedlegitimation (pas eller nationalt ID-kort)<\/p>\n<p><strong>Retsgrundlag<\/strong><\/p>\n<p>Behandlingen af billedlegitimation sker p\u00e5 baggrund af GDPR artikel 6, stk. 1, litra f, da Compu Partner har en legitim interesse i at kunne indsamle og videregive de n\u00f8dvendige oplysninger for at gennemf\u00f8re oprettelsen af betalingsaftalen.<br \/>\nSelve identitetsverifikationen udf\u00f8res af den valgte betalingsindl\u00f8ser, som er forpligtet hertil efter hvidvaskloven.<\/p>\n<p><strong>Opbevaring og sletning<\/strong><\/p>\n<p>Oplysningerne lagres midlertidigt i vores Zoho CRM-system, som drives fra datacentre inden for EU\/E\u00d8S og opfylder kravene i databeskyttelsesforordningen (GDPR).<br \/>\nAdgangen til data er begr\u00e6nset til autoriserede medarbejdere, og al kommunikation er krypteret.<br \/>\nOplysningerne videregives udelukkende til den valgte betalingsindl\u00f8ser og slettes automatisk senest [30 dage] efter overf\u00f8rslen, medmindre l\u00e6ngere opbevaring kr\u00e6ves for at dokumentere et gyldigt kundeforhold.<\/p>\n<h2>Databehandlere<\/h2>\n<p>F\u00e5 kan klare alt selv, og det samme g\u00e6lder os. Vi har derfor samarbejdspartnere, samt benytter os af leverand\u00f8rer, hvoraf nogle kan v\u00e6re databehandlere. Eksterne leverand\u00f8rer kan eksempelvis levere systemer til at organisere vores arbejde, services, r\u00e5dgivning, IT-hosting eller markedsf\u00f8ring.<\/p>\n<p>Det er vores ansvar at sikre, at dine personoplysninger behandles ordentligt. Derfor stiller vi h\u00f8je krav til vores samarbejdspartnere, og vores partnere skal garantere, at dine personoplysninger er beskyttet.<\/p>\n<p>Vi indg\u00e5r derfor aftaler herom med virksomheder (databehandlere), der h\u00e5ndterer personoplysninger p\u00e5 vores vegne for at h\u00f8jne sikkerheden af dine personoplysninger.<\/p>\n<h2>Videregivelse af personoplysninger<\/h2>\n<p>Vi videregiver ikke dine personoplysninger til tredjemand, medmindre det er n\u00f8dvendigt for at gennemf\u00f8re en ordre.<\/p>\n<h2>Profilering og automatiserede afg\u00f8relser<\/h2>\n<p>Vi foretager ikke profilering eller automatiserede afg\u00f8relser.<\/p>\n<h2>Tredjelandeoverf\u00f8rsler<\/h2>\n<p>Vi benytter som udgangspunkt databehandlere i EU\/E\u00d8S, eller som opbevarer data i EU\/E\u00d8S. I nogle tilf\u00e6lde er dette ikke muligt, og her kan der benyttes databehandlere udenfor EU\/E\u00d8S, hvis disse kan give dine personoplysninger en passende beskyttelse.<\/p>\n<h2>Behandlingssikkerhed<\/h2>\n<p>Vi holder behandlingen af personoplysninger sikker ved at have indf\u00f8rt passende tekniske og organisatoriske foranstaltninger. Vi har lavet risikovurderinger af vores behandling af personoplysninger, og har herefter indf\u00f8rt passende tekniske og organisatoriske foranstaltninger for at \u00f8ge behandlingssikkerheden.<\/p>\n<p>En af vores vigtigste foranstaltninger er at holde vores medarbejdere opdaterede om GDPR via l\u00f8bende awareness tr\u00e6ning, GDPR kursus, samt ved at gennemg\u00e5 vores GDPR-procedurer med medarbejderne.<\/p>\n<h2>De registreredes rettigheder<\/h2>\n<p>Du har efter databeskyttelsesforordningen en r\u00e6kke rettigheder i forhold til vores behandling af oplysninger om dig. Hvis du vil g\u00f8re brug af dine rettigheder skal du kontakte os, s\u00e5 vi kan hj\u00e6lpe dig med dette.<\/p>\n<p><strong>Ret til at se oplysninger (indsigtsret)<\/strong><\/p>\n<p>Du har ret til at f\u00e5 indsigt i de oplysninger, som vi behandler om dig, samt en r\u00e6kke yderligere oplysninger.<\/p>\n<p><strong>Ret til berigtigelse (rettelse)<\/strong><\/p>\n<p>Du har ret til at f\u00e5 urigtige oplysninger om dig selv rettet.<\/p>\n<p><strong>Ret til sletning<\/strong><\/p>\n<p>I s\u00e6rlige tilf\u00e6lde har du ret til at f\u00e5 slettet oplysninger om dig, inden tidspunktet for vores almindelige generelle sletning indtr\u00e6ffer.<\/p>\n<p><strong>Ret til begr\u00e6nsning af behandling<\/strong><\/p>\n<p>Du har i visse tilf\u00e6lde ret til at f\u00e5 behandlingen af dine personoplysninger begr\u00e6nset. Hvis du har ret til at f\u00e5 begr\u00e6nset behandlingen, m\u00e5 vi fremover kun behandle oplysningerne \u2013 bortset fra opbevaring \u2013 med dit samtykke, eller med henblik p\u00e5 at retskrav kan fastl\u00e6gges, g\u00f8res g\u00e6ldende eller forsvares, eller for at beskytte en person eller vigtige samfundsinteresser.<\/p>\n<p><strong>Ret til indsigelse<\/strong><\/p>\n<p>Du har i visse tilf\u00e6lde ret til at g\u00f8re indsigelse mod vores ellers lovlige behandling af dine personoplysninger. Du kan ogs\u00e5 g\u00f8re indsigelse mod behandling af dine oplysninger til direkte markedsf\u00f8ring.<\/p>\n<p><strong>Ret til at transmittere oplysninger (dataportabilitet)<\/strong><\/p>\n<p>Du har i visse tilf\u00e6lde ret til at modtage dine personoplysninger i et struktureret, almindeligt anvendt og maskinl\u00e6sbart format samt at f\u00e5 overf\u00f8rt disse personoplysninger fra \u00e9n dataansvarlig til en anden uden hindring.<\/p>\n<p>Du kan l\u00e6se mere om dine rettigheder i Datatilsynets vejledning om de registreredes rettigheder, som du finder p\u00e5 www.datatilsynet.dk.<\/p>\n<p><strong>Tilbagetr\u00e6kning af samtykke<\/strong><\/p>\n<p>N\u00e5r vores behandling af dine personoplysninger er baseret p\u00e5 dit samtykke, s\u00e5 har du ret til at tr\u00e6kke dit samtykke tilbage.<\/p>\n<p><strong>Klage til Datatilsynet<\/strong><\/p>\n<p>Du har ret til at indgive en klage til Datatilsynet, hvis du er utilfreds med den m\u00e5de, vi behandler dine personoplysninger p\u00e5. Du finder Datatilsynets kontaktoplysninger p\u00e5 www.datatilsynet.dk. Vi vil generelt opfordre dig til at l\u00e6se mere om GDPR, s\u00e5 du er opdateret p\u00e5 reglerne.<\/p>\n\n\t\t<\/div>\n\t<\/div>\n<\/div><\/div><\/div><\/div><\/div><\/div><\/div><\/div>\n<\/div>","protected":false},"excerpt":{"rendered":"<p>Dataansvarlig Vi er dataansvarlig for behandlingen af de personoplysninger, som vi behandler om vores kunder og samarbejdspartnere. Du finder vores kontaktoplysninger nedenfor. Compu Partner ApS Karetmagervej 25A 7000 Fredericia Danmark CVR-nr.: 44253925 Det er ikke et krav, at vores virksomhed har en ekstern DPO, men hvis du har sp\u00f8rgsm\u00e5l til behandlingen af dine personoplysninger, s\u00e5&hellip;<\/p>","protected":false},"author":2,"featured_media":0,"parent":0,"menu_order":10,"comment_status":"closed","ping_status":"closed","template":"","meta":{"footnotes":""},"class_list":["post-4129","page","type-page","status-publish","hentry","description-off"],"yoast_head":"<!-- This site is optimized with the Yoast SEO plugin v27.4 - https:\/\/yoast.com\/product\/yoast-seo-wordpress\/ -->\n<title>Persondatapolitik - Compu Partner<\/title>\n<meta name=\"robots\" content=\"index, follow, max-snippet:-1, max-image-preview:large, max-video-preview:-1\" \/>\n<link rel=\"canonical\" href=\"https:\/\/www.compupartner.dk\/sv\/persondatapolitik\/\" \/>\n<meta property=\"og:locale\" content=\"sv_SE\" \/>\n<meta property=\"og:type\" content=\"article\" \/>\n<meta property=\"og:title\" content=\"Persondatapolitik - Compu Partner\" \/>\n<meta property=\"og:url\" content=\"https:\/\/www.compupartner.dk\/sv\/persondatapolitik\/\" \/>\n<meta property=\"og:site_name\" content=\"Compu Partner\" \/>\n<meta property=\"article:publisher\" content=\"https:\/\/www.facebook.com\/profile.php?id=100094090601309\" \/>\n<meta property=\"article:modified_time\" content=\"2025-12-17T09:16:02+00:00\" \/>\n<meta name=\"twitter:card\" content=\"summary_large_image\" \/>\n<meta name=\"twitter:label1\" content=\"Ber\u00e4knad l\u00e4stid\" \/>\n\t<meta name=\"twitter:data1\" content=\"9 minuter\" \/>\n<script type=\"application\/ld+json\" class=\"yoast-schema-graph\">{\"@context\":\"https:\\\/\\\/schema.org\",\"@graph\":[{\"@type\":\"WebPage\",\"@id\":\"https:\\\/\\\/www.compupartner.dk\\\/persondatapolitik\\\/\",\"url\":\"https:\\\/\\\/www.compupartner.dk\\\/persondatapolitik\\\/\",\"name\":\"Persondatapolitik - Compu Partner\",\"isPartOf\":{\"@id\":\"https:\\\/\\\/www.compupartner.dk\\\/#website\"},\"datePublished\":\"2025-12-17T09:12:51+00:00\",\"dateModified\":\"2025-12-17T09:16:02+00:00\",\"breadcrumb\":{\"@id\":\"https:\\\/\\\/www.compupartner.dk\\\/persondatapolitik\\\/#breadcrumb\"},\"inLanguage\":\"sv-SE\",\"potentialAction\":[{\"@type\":\"ReadAction\",\"target\":[\"https:\\\/\\\/www.compupartner.dk\\\/persondatapolitik\\\/\"]}]},{\"@type\":\"BreadcrumbList\",\"@id\":\"https:\\\/\\\/www.compupartner.dk\\\/persondatapolitik\\\/#breadcrumb\",\"itemListElement\":[{\"@type\":\"ListItem\",\"position\":1,\"name\":\"Hjem\",\"item\":\"https:\\\/\\\/www.compupartner.dk\\\/\"},{\"@type\":\"ListItem\",\"position\":2,\"name\":\"Persondatapolitik\"}]},{\"@type\":\"WebSite\",\"@id\":\"https:\\\/\\\/www.compupartner.dk\\\/#website\",\"url\":\"https:\\\/\\\/www.compupartner.dk\\\/\",\"name\":\"Compu Partner\",\"description\":\"Payment Solutions for humans\",\"publisher\":{\"@id\":\"https:\\\/\\\/www.compupartner.dk\\\/#organization\"},\"potentialAction\":[{\"@type\":\"SearchAction\",\"target\":{\"@type\":\"EntryPoint\",\"urlTemplate\":\"https:\\\/\\\/www.compupartner.dk\\\/?s={search_term_string}\"},\"query-input\":{\"@type\":\"PropertyValueSpecification\",\"valueRequired\":true,\"valueName\":\"search_term_string\"}}],\"inLanguage\":\"sv-SE\"},{\"@type\":\"Organization\",\"@id\":\"https:\\\/\\\/www.compupartner.dk\\\/#organization\",\"name\":\"Compu Partner ApS\",\"url\":\"https:\\\/\\\/www.compupartner.dk\\\/\",\"logo\":{\"@type\":\"ImageObject\",\"inLanguage\":\"sv-SE\",\"@id\":\"https:\\\/\\\/www.compupartner.dk\\\/#\\\/schema\\\/logo\\\/image\\\/\",\"url\":\"https:\\\/\\\/www.compupartner.dk\\\/wp-content\\\/uploads\\\/2026\\\/03\\\/CP_b_on_white_large.jpg\",\"contentUrl\":\"https:\\\/\\\/www.compupartner.dk\\\/wp-content\\\/uploads\\\/2026\\\/03\\\/CP_b_on_white_large.jpg\",\"width\":2422,\"height\":349,\"caption\":\"Compu Partner ApS\"},\"image\":{\"@id\":\"https:\\\/\\\/www.compupartner.dk\\\/#\\\/schema\\\/logo\\\/image\\\/\"},\"sameAs\":[\"https:\\\/\\\/www.facebook.com\\\/profile.php?id=100094090601309\",\"https:\\\/\\\/www.linkedin.com\\\/company\\\/compu-partner\"]}]}<\/script>\n<!-- \/ Yoast SEO plugin. -->","yoast_head_json":{"title":"Persondatapolitik - Compu Partner","robots":{"index":"index","follow":"follow","max-snippet":"max-snippet:-1","max-image-preview":"max-image-preview:large","max-video-preview":"max-video-preview:-1"},"canonical":"https:\/\/www.compupartner.dk\/sv\/persondatapolitik\/","og_locale":"sv_SE","og_type":"article","og_title":"Persondatapolitik - Compu Partner","og_url":"https:\/\/www.compupartner.dk\/sv\/persondatapolitik\/","og_site_name":"Compu Partner","article_publisher":"https:\/\/www.facebook.com\/profile.php?id=100094090601309","article_modified_time":"2025-12-17T09:16:02+00:00","twitter_card":"summary_large_image","twitter_misc":{"Ber\u00e4knad l\u00e4stid":"9 minuter"},"schema":{"@context":"https:\/\/schema.org","@graph":[{"@type":"WebPage","@id":"https:\/\/www.compupartner.dk\/persondatapolitik\/","url":"https:\/\/www.compupartner.dk\/persondatapolitik\/","name":"Persondatapolitik - Compu Partner","isPartOf":{"@id":"https:\/\/www.compupartner.dk\/#website"},"datePublished":"2025-12-17T09:12:51+00:00","dateModified":"2025-12-17T09:16:02+00:00","breadcrumb":{"@id":"https:\/\/www.compupartner.dk\/persondatapolitik\/#breadcrumb"},"inLanguage":"sv-SE","potentialAction":[{"@type":"ReadAction","target":["https:\/\/www.compupartner.dk\/persondatapolitik\/"]}]},{"@type":"BreadcrumbList","@id":"https:\/\/www.compupartner.dk\/persondatapolitik\/#breadcrumb","itemListElement":[{"@type":"ListItem","position":1,"name":"Hjem","item":"https:\/\/www.compupartner.dk\/"},{"@type":"ListItem","position":2,"name":"Persondatapolitik"}]},{"@type":"WebSite","@id":"https:\/\/www.compupartner.dk\/#website","url":"https:\/\/www.compupartner.dk\/","name":"Compu Partner","description":"Betalningsl\u00f6sningar f\u00f6r m\u00e4nniskor","publisher":{"@id":"https:\/\/www.compupartner.dk\/#organization"},"potentialAction":[{"@type":"SearchAction","target":{"@type":"EntryPoint","urlTemplate":"https:\/\/www.compupartner.dk\/?s={search_term_string}"},"query-input":{"@type":"PropertyValueSpecification","valueRequired":true,"valueName":"search_term_string"}}],"inLanguage":"sv-SE"},{"@type":"Organization","@id":"https:\/\/www.compupartner.dk\/#organization","name":"Compu Partner ApS","url":"https:\/\/www.compupartner.dk\/","logo":{"@type":"ImageObject","inLanguage":"sv-SE","@id":"https:\/\/www.compupartner.dk\/#\/schema\/logo\/image\/","url":"https:\/\/www.compupartner.dk\/wp-content\/uploads\/2026\/03\/CP_b_on_white_large.jpg","contentUrl":"https:\/\/www.compupartner.dk\/wp-content\/uploads\/2026\/03\/CP_b_on_white_large.jpg","width":2422,"height":349,"caption":"Compu Partner ApS"},"image":{"@id":"https:\/\/www.compupartner.dk\/#\/schema\/logo\/image\/"},"sameAs":["https:\/\/www.facebook.com\/profile.php?id=100094090601309","https:\/\/www.linkedin.com\/company\/compu-partner"]}]}},"_links":{"self":[{"href":"https:\/\/www.compupartner.dk\/sv\/wp-json\/wp\/v2\/pages\/4129","targetHints":{"allow":["GET"]}}],"collection":[{"href":"https:\/\/www.compupartner.dk\/sv\/wp-json\/wp\/v2\/pages"}],"about":[{"href":"https:\/\/www.compupartner.dk\/sv\/wp-json\/wp\/v2\/types\/page"}],"author":[{"embeddable":true,"href":"https:\/\/www.compupartner.dk\/sv\/wp-json\/wp\/v2\/users\/2"}],"replies":[{"embeddable":true,"href":"https:\/\/www.compupartner.dk\/sv\/wp-json\/wp\/v2\/comments?post=4129"}],"version-history":[{"count":3,"href":"https:\/\/www.compupartner.dk\/sv\/wp-json\/wp\/v2\/pages\/4129\/revisions"}],"predecessor-version":[{"id":4131,"href":"https:\/\/www.compupartner.dk\/sv\/wp-json\/wp\/v2\/pages\/4129\/revisions\/4131"}],"wp:attachment":[{"href":"https:\/\/www.compupartner.dk\/sv\/wp-json\/wp\/v2\/media?parent=4129"}],"curies":[{"name":"wp","href":"https:\/\/api.w.org\/{rel}","templated":true}]}}